{"id":15668,"date":"2026-01-08T09:56:23","date_gmt":"2026-01-08T07:56:23","guid":{"rendered":"https:\/\/geoface.com\/apmacibas\/"},"modified":"2026-01-09T18:35:26","modified_gmt":"2026-01-09T16:35:26","slug":"apmacibas","status":"publish","type":"page","link":"https:\/\/geoface.com\/lv\/apmacibas\/","title":{"rendered":"Apm\u0101c\u012bbas"},"content":{"rendered":"\t\t<div data-elementor-type=\"wp-page\" data-elementor-id=\"15668\" class=\"elementor elementor-15668 elementor-15656\" data-elementor-post-type=\"page\">\n\t\t\t\t\t\t<section class=\" elementor-section elementor-top-section elementor-element elementor-element-46a7ebb9 elementor-section-boxed elementor-section-height-default elementor-section-height-default smart-sticky-default\" data-id=\"46a7ebb9\" data-element_type=\"section\">\r\n\t\t\t\t\t\t\t\t<div class=\"elementor-container elementor-column-gap-default\">\r\n\t\t\t\t\r\n\t\t\t\t\t\t\t\t<div class=\" elementor-column elementor-col-100 elementor-top-column elementor-element elementor-element-5ee0952a \" data-id=\"5ee0952a\" data-element_type=\"column\">\r\n\r\n\t\t\t\t\r\n\t\t\t\t<div class=\"elementor-widget-wrap elementor-element-populated\">\r\n\t\t\t\t\t\t\t\t\t\t\r\n\t\t\t\t\t\t<div class=\"elementor-element elementor-element-4aeccecd elementor-widget__width-initial elementor-widget-laptop__width-initial elementor-widget-tablet__width-initial elementor-widget-mobile__width-initial w-100 elementor-invisible elementor-widget elementor-widget-udesign_widget_heading\" data-id=\"4aeccecd\" data-element_type=\"widget\" data-settings=\"{&quot;_animation&quot;:&quot;fadeIn&quot;}\" data-widget_type=\"udesign_widget_heading.default\">\n\t\t\t\t<div class=\"elementor-widget-container\">\n\t\t\t\t\t<div class=\"title-wrapper  title-center\"><h2 class=\"title elementor-heading-title\">Apm\u0101c\u012bbas<\/h2><\/div>\t\t\t\t<\/div>\n\t\t\t\t<\/div>\n\t\t\t\t\t\t<\/div>\r\n\t\t\t\t<\/div>\r\n\t\t\t\t\t\t\t\t<\/div>\r\n\t\t\t<\/section>\r\n\t\t\t\t\t<section class=\" elementor-section elementor-top-section elementor-element elementor-element-22150dc elementor-section-boxed elementor-section-height-default elementor-section-height-default smart-sticky-default\" data-id=\"22150dc\" data-element_type=\"section\">\r\n\t\t\t\t\t\t\t\t<div class=\"elementor-container elementor-column-gap-default\">\r\n\t\t\t\t\r\n\t\t\t\t\t\t\t\t<div class=\" elementor-column elementor-col-100 elementor-top-column elementor-element elementor-element-a4de684 \" data-id=\"a4de684\" data-element_type=\"column\">\r\n\r\n\t\t\t\t\r\n\t\t\t\t<div class=\"elementor-widget-wrap elementor-element-populated\">\r\n\t\t\t\t\t\t\t\t\t\t\r\n\t\t\t\t\t\t<div class=\"elementor-element elementor-element-3f5e19c elementor-grid-3 elementor-grid-tablet-2 elementor-grid-mobile-1 elementor-widget elementor-widget-betterdocs-category-grid\" data-id=\"3f5e19c\" data-element_type=\"widget\" data-settings=\"{&quot;grid_column&quot;:&quot;3&quot;,&quot;grid_column_tablet&quot;:&quot;2&quot;,&quot;grid_column_mobile&quot;:&quot;1&quot;}\" data-widget_type=\"betterdocs-category-grid.default\">\n\t\t\t\t\t\n<div\n\tid=\"el-betterdocs-cat-grid-3f5e19c\" class=\"betterdocs-category-grid-wrapper betterdocs-elementor\">\n\t<div\n\t\tclass=\"betterdocs-category-grid-inner-wrapper betterdocs-category-grid grid layout-flex\" data-layout-mode=\"grid\" data-column_space_desktop=\"\" data-column_space_tab=\"\" data-column_space_mobile=\"\" data-column=\"3\" data-column_desktop=\"3\" data-column_tab=\"2\" data-column_mobile=\"1\">\n\t\t\n<article\n\tdata-id=\"70\" class=\"betterdocs-single-category-wrapper category-grid default\">\n\t<div class=\"betterdocs-single-category-inner\">\n\t\t\n<div class=\"betterdocs-category-header\">\n\t<div class=\"betterdocs-category-header-inner\">\n\t\t\n<div class=\"betterdocs-category-icon\">\n\t<img decoding=\"async\" alt=\"betterdocs-category-icon\" class=\"betterdocs-category-icon-img\" src=\"https:\/\/geoface.com\/wp-content\/plugins\/betterdocs\/assets\/admin\/images\/betterdocs-cat-icon.svg?v=4.3.10\" \/><\/div>\n<h2 class=\"betterdocs-category-title\">Re\u0123istr\u0101cija un lauku pievieno\u0161ana<\/h2>\n<div data-count=\"6\" class=\"betterdocs-category-items-counts\">\n\t<span>\n\t\t 6 \t<\/span>\n<\/div>\n\t<\/div>\n<\/div>\n<div class=\"betterdocs-body\">\n<ul class=\"betterdocs-articles-list\">\n\t<li><i class=\"far fa-file-alt\"><\/i><a href=\"https:\/\/geoface.com\/lv\/docs\/ka-laukam-pievienot-komentarus\/\"><span>K\u0101 laukam pievienot koment\u0101rus?<\/span> <\/a><\/li><li><i class=\"far fa-file-alt\"><\/i><a href=\"https:\/\/geoface.com\/lv\/docs\/lauki-karte-un-karsu-slani\/\"><span>Lauki kart\u0113 un kar\u0161u sl\u0101\u0146i<\/span> <\/a><\/li><li><i class=\"far fa-file-alt\"><\/i><a href=\"https:\/\/geoface.com\/lv\/docs\/ka-rediget-informaciju-par-lauku\/\"><span>K\u0101 redi\u0123\u0113t inform\u0101ciju par lauku?<\/span> <\/a><\/li><li><i class=\"far fa-file-alt\"><\/i><a href=\"https:\/\/geoface.com\/lv\/docs\/ka-kopet-laukus-no-citas-sezonas\/\"><span>K\u0101 kop\u0113t laukus no citas sezonas?<\/span> <\/a><\/li><li><i class=\"far fa-file-alt\"><\/i><a href=\"https:\/\/geoface.com\/lv\/docs\/ka-ieladet-laukus-ar-shp-failu\/\"><span>K\u0101 iel\u0101d\u0113t laukus ar SHP failu?<\/span> <\/a><\/li><li><i class=\"far fa-file-alt\"><\/i><a href=\"https:\/\/geoface.com\/lv\/docs\/ka-automatiski-importet-laukus-no-lad\/\"><span>K\u0101 autom\u0101tiski import\u0113t laukus no LAD?<\/span> <\/a><\/li><\/ul>\n<\/div>\t<\/div>\n<\/article>\n\n<article\n\tdata-id=\"71\" class=\"betterdocs-single-category-wrapper category-grid default\">\n\t<div class=\"betterdocs-single-category-inner\">\n\t\t\n<div class=\"betterdocs-category-header\">\n\t<div class=\"betterdocs-category-header-inner\">\n\t\t\n<div class=\"betterdocs-category-icon\">\n\t<img decoding=\"async\" alt=\"betterdocs-category-icon\" class=\"betterdocs-category-icon-img\" src=\"https:\/\/geoface.com\/wp-content\/plugins\/betterdocs\/assets\/admin\/images\/betterdocs-cat-icon.svg?v=4.3.10\" \/><\/div>\n<h2 class=\"betterdocs-category-title\">Manas kartes<\/h2>\n<div data-count=\"2\" class=\"betterdocs-category-items-counts\">\n\t<span>\n\t\t 2 \t<\/span>\n<\/div>\n\t<\/div>\n<\/div>\n<div class=\"betterdocs-body\">\n<ul class=\"betterdocs-articles-list\">\n\t<li><i class=\"far fa-file-alt\"><\/i><a href=\"https:\/\/geoface.com\/lv\/docs\/ka-pievienot-zemes-nomas-ligumus\/\"><span>K\u0101 pievienot zemes nomas l\u012bgumus?<\/span> <\/a><\/li><li><i class=\"far fa-file-alt\"><\/i><a href=\"https:\/\/geoface.com\/lv\/docs\/ka-pievienot-augsnes-analizes\/\"><span>K\u0101 pievienot augsnes anal\u012bzes?<\/span> <\/a><\/li><\/ul>\n<\/div>\t<\/div>\n<\/article>\n\n<article\n\tdata-id=\"72\" class=\"betterdocs-single-category-wrapper category-grid default\">\n\t<div class=\"betterdocs-single-category-inner\">\n\t\t\n<div class=\"betterdocs-category-header\">\n\t<div class=\"betterdocs-category-header-inner\">\n\t\t\n<div class=\"betterdocs-category-icon\">\n\t<img decoding=\"async\" alt=\"betterdocs-category-icon\" class=\"betterdocs-category-icon-img\" src=\"https:\/\/geoface.com\/wp-content\/plugins\/betterdocs\/assets\/admin\/images\/betterdocs-cat-icon.svg?v=4.3.10\" \/><\/div>\n<h2 class=\"betterdocs-category-title\">Darbu pl\u0101no\u0161ana Geoface sist\u0113m\u0101<\/h2>\n<div data-count=\"10\" class=\"betterdocs-category-items-counts\">\n\t<span>\n\t\t 10 \t<\/span>\n<\/div>\n\t<\/div>\n<\/div>\n<div class=\"betterdocs-body\">\n<ul class=\"betterdocs-articles-list\">\n\t<li><i class=\"far fa-file-alt\"><\/i><a href=\"https:\/\/geoface.com\/lv\/docs\/razas-pardosana-un-rezervacija\/\"><span>Ra\u017eas p\u0101rdo\u0161ana un rezerv\u0101cija<\/span> <\/a><\/li><li><i class=\"far fa-file-alt\"><\/i><a href=\"https:\/\/geoface.com\/lv\/docs\/ka-ievadit-razas-novaksanu\/\"><span>K\u0101 ievad\u012bt ra\u017eas nov\u0101k\u0161anu?<\/span> <\/a><\/li><li><i class=\"far fa-file-alt\"><\/i><a href=\"https:\/\/geoface.com\/lv\/docs\/smidzinasanas-recepte\/\"><span>Smidzin\u0101\u0161anas recepte<\/span> <\/a><\/li><li><i class=\"far fa-file-alt\"><\/i><a href=\"https:\/\/geoface.com\/lv\/docs\/ka-ievadit-smidzinasanas-darbus\/\"><span>K\u0101 ievad\u012bt smidzin\u0101\u0161anas darbus?<\/span> <\/a><\/li><li><i class=\"far fa-file-alt\"><\/i><a href=\"https:\/\/geoface.com\/lv\/docs\/ka-lejupladet-meslosanas-kartes-jau-izveidotam-meslosanas-darbam\/\"><span>K\u0101 lejupl\u0101d\u0113t m\u0113slo\u0161anas kartes jau izveidotam m\u0113slo\u0161anas darbam?<\/span> <\/a><\/li><li><i class=\"far fa-file-alt\"><\/i><a href=\"https:\/\/geoface.com\/lv\/docs\/ka-izveidot-meslosanas-kartes-slapeklim\/\"><span>K\u0101 izveidot m\u0113slo\u0161anas kartes sl\u0101peklim?<\/span> <\/a><\/li><\/ul>\n<\/div>\n<div class=\"betterdocs-footer\">\n\t\n<a class=\"docs-cat-link-btn betterdocs-category-link-btn\" href=\"https:\/\/geoface.com\/lv\/questions-category\/darbu-planosana-geoface-sistema\/\">\n\tIzp\u0113t\u012bt vair\u0101k<i class=\"fas fa-angle-right\"><\/i><\/a>\n<\/div>\n\t<\/div>\n<\/article>\n\n<article\n\tdata-id=\"73\" class=\"betterdocs-single-category-wrapper category-grid default\">\n\t<div class=\"betterdocs-single-category-inner\">\n\t\t\n<div class=\"betterdocs-category-header\">\n\t<div class=\"betterdocs-category-header-inner\">\n\t\t\n<div class=\"betterdocs-category-icon\">\n\t<img decoding=\"async\" alt=\"betterdocs-category-icon\" class=\"betterdocs-category-icon-img\" src=\"https:\/\/geoface.com\/wp-content\/plugins\/betterdocs\/assets\/admin\/images\/betterdocs-cat-icon.svg?v=4.3.10\" \/><\/div>\n<h2 class=\"betterdocs-category-title\">Noliktava<\/h2>\n<div data-count=\"9\" class=\"betterdocs-category-items-counts\">\n\t<span>\n\t\t 9 \t<\/span>\n<\/div>\n\t<\/div>\n<\/div>\n<div class=\"betterdocs-body\">\n<ul class=\"betterdocs-articles-list\">\n\t<li><i class=\"far fa-file-alt\"><\/i><a href=\"https:\/\/geoface.com\/lv\/docs\/ka-pievienot-savu-produktus-noliktava-2-variants\/\"><span>K\u0101 pievienot savu produktu noliktav\u0101? 2.variants<\/span> <\/a><\/li><li><i class=\"far fa-file-alt\"><\/i><a href=\"https:\/\/geoface.com\/lv\/docs\/ka-pievienot-savu-produktus-noliktava-1-variants\/\"><span>K\u0101 pievienot savu produktus noliktav\u0101?  1.variants<\/span> <\/a><\/li><li><i class=\"far fa-file-alt\"><\/i><a href=\"https:\/\/geoface.com\/lv\/docs\/ka-eksportet-noliktavu-excel-formata\/\"><span>K\u0101 eksport\u0113t noliktavu Excel form\u0101t\u0101?<\/span> <\/a><\/li><li><i class=\"far fa-file-alt\"><\/i><a href=\"https:\/\/geoface.com\/lv\/docs\/noliktava-rekinu-sadala\/\"><span>Noliktava. R\u0113\u0137inu sada\u013ca<\/span> <\/a><\/li><li><i class=\"far fa-file-alt\"><\/i><a href=\"https:\/\/geoface.com\/lv\/docs\/ka-arhivet-produktus-noliktava\/\"><span>K\u0101 arhiv\u0113t produktus noliktav\u0101?<\/span> <\/a><\/li><li><i class=\"far fa-file-alt\"><\/i><a href=\"https:\/\/geoface.com\/lv\/docs\/ka-parvietot-produktus-starp-saimniecibam\/\"><span>K\u0101 p\u0101rvietot produktus starp saimniec\u012bb\u0101m?<\/span> <\/a><\/li><\/ul>\n<\/div>\n<div class=\"betterdocs-footer\">\n\t\n<a class=\"docs-cat-link-btn betterdocs-category-link-btn\" href=\"https:\/\/geoface.com\/lv\/questions-category\/noliktava\/\">\n\tIzp\u0113t\u012bt vair\u0101k<i class=\"fas fa-angle-right\"><\/i><\/a>\n<\/div>\n\t<\/div>\n<\/article>\n\n<article\n\tdata-id=\"74\" class=\"betterdocs-single-category-wrapper category-grid default\">\n\t<div class=\"betterdocs-single-category-inner\">\n\t\t\n<div class=\"betterdocs-category-header\">\n\t<div class=\"betterdocs-category-header-inner\">\n\t\t\n<div class=\"betterdocs-category-icon\">\n\t<img decoding=\"async\" alt=\"betterdocs-category-icon\" class=\"betterdocs-category-icon-img\" src=\"https:\/\/geoface.com\/wp-content\/plugins\/betterdocs\/assets\/admin\/images\/betterdocs-cat-icon.svg?v=4.3.10\" \/><\/div>\n<h2 class=\"betterdocs-category-title\">Atskaites par AAL un m\u0113slo\u0161anas l\u012bdzek\u013cu izlietojumu. Atskai\u0161u s\u016bt\u012bi\u0161ana VAAD\/ LIZ<\/h2>\n<div data-count=\"2\" class=\"betterdocs-category-items-counts\">\n\t<span>\n\t\t 2 \t<\/span>\n<\/div>\n\t<\/div>\n<\/div>\n<div class=\"betterdocs-body\">\n<ul class=\"betterdocs-articles-list\">\n\t<li><i class=\"far fa-file-alt\"><\/i><a href=\"https:\/\/geoface.com\/lv\/docs\/ka-nosutit-atskaites-uz-vaad-liz-sistemu\/\"><span>K\u0101 nos\u016bt\u012bt atskaites uz VAAD\/ LIZ sist\u0113mu?<\/span> <\/a><\/li><li><i class=\"far fa-file-alt\"><\/i><a href=\"https:\/\/geoface.com\/lv\/docs\/atskaites-par-augu-aizsardzibas-lidzeklu-un-meslosanas-lidzeklu-izlietojumu\/\"><span>Atskaites par augu aizsardz\u012bbas l\u012bdzek\u013cu un m\u0113slo\u0161anas l\u012bdzek\u013cu izlietojumu<\/span> <\/a><\/li><\/ul>\n<\/div>\t<\/div>\n<\/article>\n\n<article\n\tdata-id=\"75\" class=\"betterdocs-single-category-wrapper category-grid default\">\n\t<div class=\"betterdocs-single-category-inner\">\n\t\t\n<div class=\"betterdocs-category-header\">\n\t<div class=\"betterdocs-category-header-inner\">\n\t\t\n<div class=\"betterdocs-category-icon\">\n\t<img decoding=\"async\" alt=\"betterdocs-category-icon\" class=\"betterdocs-category-icon-img\" src=\"https:\/\/geoface.com\/wp-content\/plugins\/betterdocs\/assets\/admin\/images\/betterdocs-cat-icon.svg?v=4.3.10\" \/><\/div>\n<h2 class=\"betterdocs-category-title\">Finanses<\/h2>\n<div data-count=\"1\" class=\"betterdocs-category-items-counts\">\n\t<span>\n\t\t 1 \t<\/span>\n<\/div>\n\t<\/div>\n<\/div>\n<div class=\"betterdocs-body\">\n<ul class=\"betterdocs-articles-list\">\n\t<li><i class=\"far fa-file-alt\"><\/i><a href=\"https:\/\/geoface.com\/lv\/docs\/finansu-sadala\/\"><span>Finan\u0161u sada\u013ca<\/span> <\/a><\/li><\/ul>\n<\/div>\t<\/div>\n<\/article>\n\n<article\n\tdata-id=\"76\" class=\"betterdocs-single-category-wrapper category-grid default\">\n\t<div class=\"betterdocs-single-category-inner\">\n\t\t\n<div class=\"betterdocs-category-header\">\n\t<div class=\"betterdocs-category-header-inner\">\n\t\t\n<div class=\"betterdocs-category-icon\">\n\t<img decoding=\"async\" alt=\"betterdocs-category-icon\" class=\"betterdocs-category-icon-img\" src=\"https:\/\/geoface.com\/wp-content\/plugins\/betterdocs\/assets\/admin\/images\/betterdocs-cat-icon.svg?v=4.3.10\" \/><\/div>\n<h2 class=\"betterdocs-category-title\">Iestat\u012bjumi<\/h2>\n<div data-count=\"5\" class=\"betterdocs-category-items-counts\">\n\t<span>\n\t\t 5 \t<\/span>\n<\/div>\n\t<\/div>\n<\/div>\n<div class=\"betterdocs-body\">\n<ul class=\"betterdocs-articles-list\">\n\t<li><i class=\"far fa-file-alt\"><\/i><a href=\"https:\/\/geoface.com\/lv\/docs\/abonesanas-gada-maksa\/\"><span>Abon\u0113\u0161anas gada maksa<\/span> <\/a><\/li><li><i class=\"far fa-file-alt\"><\/i><a href=\"https:\/\/geoface.com\/lv\/docs\/cik-saimniecibas-var-pievienot-vienam-kontam\/\"><span>Cik saimniec\u012bbas var pievienot vienam kontam?<\/span> <\/a><\/li><li><i class=\"far fa-file-alt\"><\/i><a href=\"https:\/\/geoface.com\/lv\/docs\/ka-kontam-pievienot-jaunu-saimniecibu\/\"><span>K\u0101 kontam pievienot jaunu saimniec\u012bbu?<\/span> <\/a><\/li><li><i class=\"far fa-file-alt\"><\/i><a href=\"https:\/\/geoface.com\/lv\/docs\/ka-pievienot-savas-kulturas\/\"><span>K\u0101 pievienot savas kult\u016bras?<\/span> <\/a><\/li><li><i class=\"far fa-file-alt\"><\/i><a href=\"https:\/\/geoface.com\/lv\/docs\/ka-pievienot-papildus-lietotajus-savam-kontam\/\"><span>K\u0101 pievienot papildus lietot\u0101jus savam kontam?<\/span> <\/a><\/li><\/ul>\n<\/div>\t<\/div>\n<\/article>\n\n<article\n\tdata-id=\"77\" class=\"betterdocs-single-category-wrapper category-grid default\">\n\t<div class=\"betterdocs-single-category-inner\">\n\t\t\n<div class=\"betterdocs-category-header\">\n\t<div class=\"betterdocs-category-header-inner\">\n\t\t\n<div class=\"betterdocs-category-icon\">\n\t<img decoding=\"async\" alt=\"betterdocs-category-icon\" class=\"betterdocs-category-icon-img\" src=\"https:\/\/geoface.com\/wp-content\/plugins\/betterdocs\/assets\/admin\/images\/betterdocs-cat-icon.svg?v=4.3.10\" \/><\/div>\n<h2 class=\"betterdocs-category-title\">Modern\u0101s tehnolo\u0123ijas<\/h2>\n<div data-count=\"4\" class=\"betterdocs-category-items-counts\">\n\t<span>\n\t\t 4 \t<\/span>\n<\/div>\n\t<\/div>\n<\/div>\n<div class=\"betterdocs-body\">\n<ul class=\"betterdocs-articles-list\">\n\t<li><i class=\"far fa-file-alt\"><\/i><a href=\"https:\/\/geoface.com\/lv\/docs\/ka-pievienot-mapon-tehniku\/\"><span>K\u0101 pievienot Mapon tehniku?<\/span> <\/a><\/li><li><i class=\"far fa-file-alt\"><\/i><a href=\"https:\/\/geoface.com\/lv\/docs\/ka-pievienot-john-deere-tehniku\/\"><span>K\u0101 pievienot John Deere tehniku?<\/span> <\/a><\/li><li><i class=\"far fa-file-alt\"><\/i><a href=\"https:\/\/geoface.com\/lv\/docs\/ka-pievienot-cnh-grupas-tehniku-case-new-holland-steyr\/\"><span>K\u0101 pievienot CNH grupas tehniku \/Case, New Holland, Steyr\/?<\/span> <\/a><\/li><li><i class=\"far fa-file-alt\"><\/i><a href=\"https:\/\/geoface.com\/lv\/docs\/satelita-dati\/\"><span>Satel\u012bta dati<\/span> <\/a><\/li><\/ul>\n<\/div>\t<\/div>\n<\/article>\n\t<\/div>\n\t\t<div class=\"clearfix\"><\/div>\n\t<\/div>\n\t\t\t\t<\/div>\n\t\t\t\t\t\t<\/div>\r\n\t\t\t\t<\/div>\r\n\t\t\t\t\t\t\t\t<\/div>\r\n\t\t\t<\/section>\r\n\t\t\t\t\t<\/div>\n\t\t","protected":false},"excerpt":{"rendered":"<p>Apm\u0101c\u012bbas<\/p>\n","protected":false},"author":1,"featured_media":0,"parent":0,"menu_order":0,"comment_status":"closed","ping_status":"closed","template":"","meta":{"om_disable_all_campaigns":false,"footnotes":""},"class_list":["post-15668","page","type-page","status-publish","hentry"],"_links":{"self":[{"href":"https:\/\/geoface.com\/lv\/wp-json\/wp\/v2\/pages\/15668","targetHints":{"allow":["GET"]}}],"collection":[{"href":"https:\/\/geoface.com\/lv\/wp-json\/wp\/v2\/pages"}],"about":[{"href":"https:\/\/geoface.com\/lv\/wp-json\/wp\/v2\/types\/page"}],"author":[{"embeddable":true,"href":"https:\/\/geoface.com\/lv\/wp-json\/wp\/v2\/users\/1"}],"replies":[{"embeddable":true,"href":"https:\/\/geoface.com\/lv\/wp-json\/wp\/v2\/comments?post=15668"}],"version-history":[{"count":5,"href":"https:\/\/geoface.com\/lv\/wp-json\/wp\/v2\/pages\/15668\/revisions"}],"predecessor-version":[{"id":15683,"href":"https:\/\/geoface.com\/lv\/wp-json\/wp\/v2\/pages\/15668\/revisions\/15683"}],"wp:attachment":[{"href":"https:\/\/geoface.com\/lv\/wp-json\/wp\/v2\/media?parent=15668"}],"curies":[{"name":"wp","href":"https:\/\/api.w.org\/{rel}","templated":true}]}}