{"id":14726,"date":"2025-03-03T14:13:49","date_gmt":"2025-03-03T14:13:49","guid":{"rendered":"https:\/\/beta.geoface.com\/?page_id=14726"},"modified":"2025-03-03T14:17:18","modified_gmt":"2025-03-03T14:17:18","slug":"lietosanas-noteikumi","status":"publish","type":"page","link":"https:\/\/geoface.com\/lv\/lietosanas-noteikumi\/","title":{"rendered":"Lieto\u0161anas noteikumi"},"content":{"rendered":"\n<p>\u0160ie lieto\u0161anas noteikumi (\u0161is \u201cl\u012bgums\u201d) ir juridisks l\u012bgums starp jums (\u201cJ\u016bs\u201d) un UAB \u201cGeoface\u201d \u2013 uz\u0146\u0113mumu, kas dibin\u0101ts saska\u0146\u0101 ar Lietuvas Republikas likumiem (\u201cUz\u0146\u0113mums\u201d vai \u201cm\u0113s\u201d), un l\u012bgums ir paredz\u0113ts m\u016bsu programmat\u016bras un visu saist\u012bto pakalpojumu, funkciju un satura, ko pied\u0101v\u0101 Uz\u0146\u0113mums (saukta ar\u012b par \u201cProgrammu\u201d), izmanto\u0161anai.<\/p>\n\n\n\n<ol class=\"wp-block-list\">\n<li><strong>L\u012aGUMA UN T\u0100 NOTEIKUMU PIE\u0145EM\u0160ANA<\/strong><\/li>\n<\/ol>\n\n\n\n<p>R\u016bp\u012bgi izlasiet \u0161o l\u012bgumu un Priv\u0101tuma politiku. Izveidojot piek\u013cuvi programmai vai izmantojot to, j\u016bs apstiprin\u0101t, ka iepazin\u0101ties ar Priv\u0101tuma politiku, saprotat \u0161\u012b l\u012bguma noteikumus un piekr\u012btat tos iev\u0113rot. JA NEPIEKR\u012aTAT \u0160IEM NOTEIKUMIEM, J\u016aS VARAT NEPIERAKST\u012aTIES PROGRAMM\u0100 VAI NES\u0100KT TO LIETOT.<\/p>\n\n\n\n<p>M\u0113s varam groz\u012bt \u0161o l\u012bgumu ik pa laikam. M\u0113s pazi\u0146osim Jums pa e-pastu, izmantojot Programmu, vai iesniedzot jaunu l\u012bguma versiju, kuru var\u0113siet pie\u0146emt, ja b\u016bsim veiku\u0161i izmai\u0146as, kuras p\u0113c b\u016bt\u012bbas maina j\u016bsu ties\u012bbas. Turpm\u0101k\u0101 Programmas lieto\u0161ana p\u0113c L\u012bguma atjaunin\u0101\u0161anas apstiprin\u0101s, ka piekr\u012btat groz\u012btajam L\u012bgumam.<\/p>\n\n\n\n<ol start=\"2\" class=\"wp-block-list\">\n<li><strong>IEROBE\u017dOTA LICENCE PROGRAMMAI<\/strong><\/li>\n<\/ol>\n\n\n\n<p>M\u0113s pie\u0161\u0137iram Jums person\u012bgu, glob\u0101lu, atsaucamu, nenododamu un neekskluz\u012bvu licenci, lai var\u0113tu piek\u013c\u016bt un izmantot Programmu jebk\u0101diem m\u0113r\u0137iem, kas atbilst \u0161\u012b l\u012bguma noteikumiem.<\/p>\n\n\n\n<p>Visas ties\u012bbas, \u012bpa\u0161umties\u012bbas un intereses attiec\u012bb\u0101 uz Programm\u0101, k\u0101 ar\u012b t\u0101s ties\u012bbas, kuras nav skaidri pie\u0161\u0137irtas \u0161aj\u0101 L\u012bgum\u0101, patur Uz\u0146\u0113mums. Ja v\u0113laties izmantot Uz\u0146\u0113muma programmat\u016bru, nosaukumu, pre\u010du z\u012bmi, logotipu, dom\u0113na v\u0101rdu un\/vai jebk\u0101du citu intelektu\u0101lo \u012bpa\u0161umu vai citu Uz\u0146\u0113mumam piedero\u0161o saturu, j\u0101sa\u0146em iepriek\u0161\u0113ja rakstiska Uz\u0146\u0113muma at\u013cauja. At\u013cauju piepras\u012bjumus var s\u016bt\u012bt uz adresi <a href=\"mailto:info@geoface.com\">info@geoface.com<\/a>.<\/p>\n\n\n\n<ol start=\"3\" class=\"wp-block-list\">\n<li><strong>PROGRAMMAS LIETO\u0160ANA<\/strong><\/li>\n<\/ol>\n\n\n\n<p>Lai lietotu Programmu, katram lietot\u0101jam ir j\u0101re\u0123istr\u0113jas, aizpildot re\u0123istr\u0101cijas formu.<\/p>\n\n\n\n<p>Programmu varat lietot un piek\u013c\u016bt tai tikai likum\u012bgiem m\u0113r\u0137iem. J\u016bs nedr\u012bkstat lietot Programmu un nedr\u012bkstat piesl\u0113gties tai, tostarp nepie\u0161\u0137irsiet ties\u012bbas jebk\u0101d\u0101m tre\u0161aj\u0101m pus\u0113m izmantot Programmu vai piek\u013c\u016bt tai, ja ar \u0161\u0101d\u0101m darb\u012bb\u0101m:<\/p>\n\n\n\n<ol class=\"wp-block-list\">\n<li>a) jebk\u0101d\u0101 veid\u0101 vai apjom\u0101 tiek p\u0101rk\u0101ptas m\u016bsu ties\u012bbas, citu lietot\u0101ju vai tre\u0161o pu\u0161u ties\u012bbas, tostarp intelektu\u0101l\u0101 \u012bpa\u0161uma ties\u012bbas, priv\u0101tuma ties\u012bbas vai citas ties\u012bbas vai likum\u012bg\u0101s intereses, vai ties\u012bbu aktu pras\u012bbas, vai rodas \u0161\u0101da p\u0101rk\u0101puma risks;<\/li>\n\n\n\n<li>b) paredz\u0113ts uzdoties par citu personu;<\/li>\n\n\n\n<li>c) paredz\u0113ts s\u016bt\u012bt nelikum\u012bgus vai neat\u013cautus pazi\u0146ojums, piem\u0113ram, surog\u0101tpastu vai citu nev\u0113lamu rekl\u0101mu vai pazi\u0146ojumus;<\/li>\n\n\n\n<li>d) paredz\u0113ts izmantot veidos, kas parasti ir nelikum\u012bgi, veicina naidu, vai k\u0101 cit\u0101di ir nepiem\u0113roti, tostarp veicina nelikum\u012bgas darb\u012bbas, diskrimin\u0101ciju, aizskaro\u0161u r\u012bc\u012bbu vai neslavas cel\u0161anu;<\/li>\n\n\n\n<li>e) paredz\u0113ts izmantot Programmu jebk\u0101d\u0101 cit\u0101 veid\u0101 vai nol\u016bk\u0101, kas nav at\u013cauts.<\/li>\n\n\n\n<li><strong>J\u016aSU SATURS<\/strong><\/li>\n<\/ol>\n\n\n\n<p>Izmantojot Programmu, varat aug\u0161upiel\u0101d\u0113t vai k\u0101 cit\u0101di padar\u012bt pieejamu saturu, tostarp koment\u0101rus, fotogr\u0101fijas, tekstus, lauksaimniec\u012bbas inform\u0101ciju u. c. (\u201cSaturs\u201d), un ne tikai.<\/p>\n\n\n\n<p>Tikai j\u016bs esat atbild\u012bgs par Saturu, kuru aug\u0161upiel\u0101d\u0113jat vai cit\u0101di padar\u0101t pieejamu ar programmas pal\u012bdz\u012bbu. J\u016bsu saturs nav Saturs, kuru rad\u012bj\u0101m vai padar\u012bj\u0101m pieejamu m\u0113s, vai ar\u012b tre\u0161o pu\u0161u saturs. J\u016bs esat atbild\u012bgs par to, lai j\u016bsu Saturs neb\u016btu nelikum\u012bgs, nepiedien\u012bgs, uzm\u0101c\u012bgs, naidu veicino\u0161s vai k\u0101 cit\u0101di neatbilsto\u0161s Saturs, tostarp nelikum\u012bgas darb\u012bbas reklam\u0113\u0161ana.<\/p>\n\n\n\n<p>Aug\u0161upiel\u0101d\u0113jot vai cit\u0101di iesniedzot Saturu, izmantojot Programmu, apstiprin\u0101t un garant\u0113jat, ka:<\/p>\n\n\n\n<ol class=\"wp-block-list\">\n<li>a) jums ir visas nepiecie\u0161am\u0101s ties\u012bbas un at\u013caujas, lai aug\u0161upiel\u0101d\u0113tu vai cit\u0101di dar\u012btu pieejamu Saturu;<\/li>\n\n\n\n<li>b) j\u016bsu Satura izmanto\u0161ana nep\u0101rk\u0101ps vai cit\u0101 veid\u0101 negat\u012bvi neietekm\u0113s nek\u0101du tre\u0161o pu\u0161u ties\u012bbas, tostarp intelektu\u0101l\u0101s \u012bpa\u0161umties\u012bbas, priv\u0101tuma ties\u012bbas, citas ties\u012bbas vai likum\u012bg\u0101s intereses, un\/vai ties\u012bbu aktu pras\u012bbas.<\/li>\n<\/ol>\n\n\n\n<p>Aug\u0161upiel\u0101d\u0113jot vai cit\u0101 veid\u0101 darot pieejamu Saturu Programm\u0101 vai ar t\u0101s starpniec\u012bbu, j\u016bs saprotat, piekr\u012btat un pie\u0161\u0137irat mums glob\u0101lu, neatsaucamu, netermin\u0113tu, bezmaksas, t\u0101l\u0101k licenc\u0113jamu, nododamu licenci, lai izmantotu, modific\u0113tu, pavairotu un izplat\u012btu j\u016bsu Saturu, rad\u012btu atvasin\u0101tus j\u016bsu Satura darbus, publiski r\u0101d\u012btu vai izpild\u012btu j\u016bsu saturu, cikt\u0101l tas ir saist\u012bts ar Programmas izmanto\u0161anu un kop\u0113jo Uz\u0146\u0113muma darb\u012bbu, kas ir saist\u012bta ar Programmu (tostarp Programmas uzlabo\u0161anu, ma\u0161\u012bnapm\u0101c\u012bbu un m\u0101ksl\u012bg\u0101 intelekta izmanto\u0161anu u. tml.).<\/p>\n\n\n\n<p>Ja to neparedz \u0161is L\u012bgums, visus ar j\u016bsu priv\u0101tumu saist\u012btos j\u016bsu Satura aspektus regul\u0113 priv\u0101tuma politika.<\/p>\n\n\n\n<p>M\u0113s tie\u0161i neuzraug\u0101m un nekontrol\u0113jam ar Programmas starpniec\u012bbu aug\u0161upiel\u0101d\u0113to vai cit\u0101 veid\u0101 pieejamo Saturu. Uz\u0146\u0113mums neuz\u0146emas nek\u0101du tie\u0161u vai netie\u0161u atbild\u012bbu, kas izriet no Satura, kur\u0161 ir aug\u0161upiel\u0101d\u0113ts vai cit\u0101di padar\u012bts pieejams, izmantojot Programmu. Ta\u010du Uz\u0146\u0113mums patur ties\u012bbas p\u0101rskat\u012bt j\u016bsu Saturu, pirms tas tiek nodots Programmai, un dz\u0113st jebk\u0101du Saturu jebk\u0101da iemesla d\u0113\u013c, jebkur\u0101 br\u012bd\u012b, bez iepriek\u0161\u0113ja br\u012bdin\u0101juma, p\u0113c saviem ieskatiem. Uz\u0146\u0113mumam ir ties\u012bbas izsl\u0113gt, dz\u0113st vai pasl\u0113pt jebk\u0101du Saturu, kas p\u0101rk\u0101pj \u0161o L\u012bgumu vai piem\u0113rojamos ties\u012bbu aktus.<\/p>\n\n\n\n<p>Ja Jums ir inform\u0101cija par jebk\u0101du Saturu, kas p\u0101rk\u0101pj \u0161o L\u012bgumu vai piem\u0113rojamos ties\u012bbu aktus, sazinieties ar mums, rakstot uz <a href=\"mailto:info@geoface.com\">info@geoface.com<\/a>.<\/p>\n\n\n\n<ol start=\"5\" class=\"wp-block-list\">\n<li><strong>DRO\u0160\u012aBA<\/strong><\/li>\n<\/ol>\n\n\n\n<p>J\u016bs nedr\u012bkstat lejupiel\u0101d\u0113t, piek\u013c\u016bt un izmantot Programmu t\u0101, lai ietekm\u0113tu, boj\u0101tu, aptur\u0113tu vai k\u0101 cit\u0101di trauc\u0113tu Programmas darb\u012bbu.<\/p>\n\n\n\n<p>Saska\u0146\u0101 ar \u0161o L\u012bgumu stingri un skaidri ir aizliegts main\u012bt, kop\u0113t vai k\u0101 cit\u0101di manipul\u0113t ar Programmas sist\u0113mas kodu vai t\u0101s komponentiem.<\/p>\n\n\n\n<ol start=\"6\" class=\"wp-block-list\">\n<li><strong>TRE\u0160O PU\u0160U PAKALPOJUMI UN INTEGR\u0100CIJA<\/strong><\/li>\n<\/ol>\n\n\n\n<p>Programma var \u013caut Jums piek\u013c\u016bt tre\u0161o pu\u0161u pied\u0101v\u0101tajam saturam, programm\u0101m, vietn\u0113m vai pakalpojumiem vai tos izmantot (\u201cTre\u0161o pu\u0161u pakalpojumi\u201d). \u0160o tre\u0161o pu\u0161u izmanto\u0161anas noteikumi un priv\u0101tuma politika regul\u0113 j\u016bsu \u0161\u0101du pakalpojumu izmanto\u0161anu. Piem\u0113ram, nos\u016btot e-pastu, lai tiktu kop\u012bgots saturs, izmantojot <em>Google<\/em> kontu, tad tiks piem\u0113roti visi piem\u0113rojamie <em>Google<\/em> izmanto\u0161anas noteikumi un priv\u0101tuma politika. Kad izmantojat tre\u0161o pu\u0161u pakalpojumus un tos izmantojat ar Programmas starpniec\u012bbu, m\u0113s neatbildam par \u0161iem tre\u0161o pu\u0161u pakalpojumiem un m\u0113s neapstiprin\u0101m un nedodam nek\u0101das garantijas un apliecin\u0101jumus par \u0161\u0101du tre\u0161o pu\u0161u pakalpojumiem.<\/p>\n\n\n\n<ol start=\"7\" class=\"wp-block-list\">\n<li><strong>ATTEIK\u0160AN\u0100S NO GARANTIJ\u0100M<\/strong><\/li>\n<\/ol>\n\n\n\n<p>Uz\u0146\u0113mums kontrol\u0113 un p\u0101rvalda Programmu no da\u017e\u0101d\u0101m viet\u0101m, ta\u010du neapstiprina, ka Programma ir piem\u0113rota un to var izmantot vis\u0101s viet\u0101s. Programma vai noteiktas t\u0101s funkcijas var neb\u016bt pieejamas j\u016bsu viet\u0101, vai ar\u012b t\u0101s var at\u0161\u0137irties.<\/p>\n\n\n\n<p>PROGRAMMA IR PIEEJAMA T\u0100DA, \u201cK\u0100DA IR\u201d UN T\u0100DA, \u201cK\u0100DA IR PIEEJAMA\u201d UN IR PIED\u0100V\u0100TA BEZ JEBK\u0100DIEM PAZI\u0145OJUMIEM, APSTIPRIN\u0100JUMIEM VAI JEBK\u0100DA RAKSTURA SKAIDR\u0100M VAI NETIE\u0160\u0100M GARANTIJ\u0100M, TOSTARP, BET NE TIKAI, PAREDZ\u0112TAJ\u0100M \u012aPA\u0160UMTIES\u012aB\u0100M, BOJ\u0100JUMU NEESAM\u012aBU, PIEM\u0112ROT\u012aBU TIRDZNIEC\u012aBAI, GARANTIJ\u0100M UN JEBK\u0100D\u0100M CIT\u0100M PAREDZAM\u0100M GARANTIJ\u0100M, KAS IR SAIST\u012aTAS AR TIRDZNIEC\u012aBU UN IZMANTO\u0160ANU, NO KUR\u0100M \u013bAUJ ATTEIKTIES LIKUMI.&nbsp; UZ\u0145\u0112MUMS UN T\u0100 DARBINIEKI, A\u0122ENTI, P\u0100RST\u0100VJI, PIEG\u0100D\u0100T\u0100JI, PARTNERI UN SATURA SNIEDZ\u0112JI NEGARANT\u0112, KA: (A) PROGRAMMA B\u016aS PIEEJAMA JEBKUR\u0100 KONKR\u0112T\u0100 LAIK\u0100 VAI VIET\u0100; (B) JEBK\u0100DI DEFEKTI VAI K\u013b\u016aDAS TIKS IZLABOTAS; VAI (C) PROGRAMMAS IZMANTO\u0160ANAS REZULT\u0100TI ATBILD\u012aS J\u016aSU CER\u012aB\u0100M UN PRAS\u012aB\u0100M. J\u016aS IZMANTOJAT PROGRAMMU UZ SAVU RISKU. DA\u017dAS VALSTIS NEPAREDZ IESP\u0112JU IEROBE\u017dOT TIE\u0160\u0100S GARANTIJAS, T\u0100P\u0112C IEPRIEK\u0160 MIN\u0112TIE IEROBE\u017dOJUMI VAR NEATTIEKTIES UZ JUMS.<\/p>\n\n\n\n<ol start=\"8\" class=\"wp-block-list\">\n<li><strong>ATBILD\u012aBAS IEROBE\u017dO\u0160ANA<\/strong><\/li>\n<\/ol>\n\n\n\n<p>UZ\u0145\u0112MUMS, T\u0100 AMATPERSONAS, DIREKTORI, A\u0122ENTI, PARTNERI, DARBINIEKI, REKLAM\u0112T\u0100JI VAI DATU SNIEDZ\u0112JI NEKAD NAV ATBILD\u012aGI NE UZ K\u0100DA PAMATA ATTIEC\u012aB\u0100 UZ PROGRAMMAS LIETOT\u0100JIEM PAR JEBK\u0100DU TIE\u0160U, NETIE\u0160U, SPECI\u0100LU, PAPILDU VAI JEBK\u0100DA RAKSTURA KAIT\u0112JUMU VAI ZAUD\u0112JUMIEM (TOSTARP, BET NE TIKAI, PAR NEG\u016aTIEM IEN\u0100KUMIEM, PE\u013b\u0145U VAI DATU ZAUD\u0112\u0160ANU), KAS RAD\u0100S PROGRAMMAS LIETOT\u0100JIEM \u012aSTENOJOT SAVU DARB\u012aBU VAI SAVAS SAIST\u012aBAS, TIEM NEPILDOT SAVAS SAIST\u012aBAS, PAMATOJOTIES UZ JEBK\u0100DIEM PAMATIEM, TIEM RODOTIES \u012aPA\u0160UMA VAI JEBK\u0100DIEM CITIEM ZAUD\u0112JUMIEM, KAS VAR RASTIES \u0160\u012aS PROGRAMMAS LIETO\u0160ANAS LAIK\u0100 UN IR JEBK\u0100D\u0100 VEID\u0100 SAIST\u012aTI AR \u0160\u012aS PROGRAMMAS LIETO\u0160ANU. JEBKUR\u0100 GAD\u012aJUM\u0100, CIKT\u0100L \u013bAUJ PIEM\u0112ROJAMIE LIKUMI, UZ\u0145\u0112MUMA ATBILD\u012aBA, KAS IZRIET NO \u0160IEM NOTEIKUMIEM VAI IR SAIST\u012aTA AR TIEM, NEP\u0100RSNIEDZ SUMMU, KURU J\u016aS SAMAKS\u0100J\u0100T UZ\u0145\u0112MUMAM PAR PROGRAMMAS LIETO\u0160ANU VAI VIENU SIMTU ASV DOL\u0100RU (100 USD), JA J\u016aS NEVEIC\u0100T NEK\u0100DUS MAKS\u0100JUMUS UZ\u0145\u0112MUMAM PAR PROGRAMMAS LIETO\u0160ANU. CIKT\u0100L TO PIE\u013bAUJ PIEM\u0112ROJAMIE LIKUMI, UZ\u0145\u0112MUMS VAI TRE\u0160\u0100S PERSONAS, KAS NOR\u0100D\u012aTAS PROGRAMM\u0100, NEATBILD PAR JEBK\u0100D\u0100M TRAUM\u0100M, TOSTARP N\u0100VI, KAS IEST\u0100J\u0100S TAMD\u0112\u013b, KA J\u016aS LIETOJ\u0100T PROGRAMMU VAI LIETOJ\u0100T TO \u013bAUNPR\u0100T\u012aGI.<\/p>\n\n\n\n<ol start=\"9\" class=\"wp-block-list\">\n<li><strong>MOBILO IER\u012a\u010cU IZMANTO\u0160ANA<\/strong><\/li>\n<\/ol>\n\n\n\n<p>Atcerieties, ka parast\u0101s j\u016bsu operatora cenas un maksas, piem\u0113ram, maksas par teksta zi\u0146ojumiem un datiem, joproj\u0101m tiks piem\u0113rotas, ja Programmu izmantojat mobilaj\u0101 ier\u012bc\u0113.<\/p>\n\n\n\n<ol start=\"10\" class=\"wp-block-list\">\n<li><strong>TIES\u012aBU AIZSARDZ\u012aBA<\/strong><\/li>\n<\/ol>\n\n\n\n<p>Mums nav pien\u0101kuma nov\u0113rot piek\u013cuvi Programmai vai t\u0101s lieto\u0161anu, ta\u010du m\u0113s paturam ties\u012bbas to dar\u012bt, lai p\u0101rvald\u012btu un uztur\u0113tu Programmu, nodro\u0161in\u0101tu j\u016bsu \u0161\u012b L\u012bguma iev\u0113ro\u0161anu un iev\u0113rotu sp\u0113k\u0101 eso\u0161o ties\u012bbu aktu pras\u012bbas. M\u0113s varam atkl\u0101t nelikum\u012bgu r\u012bc\u012bbu ties\u012bbaizsardz\u012bbas iest\u0101d\u0113m un saska\u0146\u0101 ar sp\u0113k\u0101 eso\u0161o tiesved\u012bbas procesu varam sadarboties ar ties\u012bbaizsardz\u012bbas iest\u0101d\u0113m, lai likump\u0101rk\u0101p\u0113ji tiktu saukti pie atbild\u012bbas. M\u0113s paturam ties\u012bbas (bet tas nav mums pien\u0101kums) bez iepriek\u0161\u0113ja br\u012bdin\u0101juma un p\u0113c saviem ieskatiem dz\u0113st jebk\u0101du Programm\u0101 public\u0113to Saturu vai sl\u0113gt piek\u013cuvi Programmai jebkur\u0101 laik\u0101, ja konstat\u0113jam, ka j\u016bsu saturs vai j\u016bsu Programmas lieto\u0161ana nav pie\u0146emama vai p\u0101rk\u0101pj \u0161o L\u012bgumu.<\/p>\n\n\n\n<p>Uz\u0146\u0113mums neuz\u0146emas nek\u0101du atbild\u012bbu pret Programmas lietot\u0101jiem, jebkuru citu personu vai subjektu par iepriek\u0161 nor\u0101d\u012btaj\u0101m darb\u012bb\u0101m vai bezdarb\u012bbu.<\/p>\n\n\n\n<ol start=\"11\" class=\"wp-block-list\">\n<li><strong>PROGRAMMAS IZMAI\u0145AS<\/strong><\/li>\n<\/ol>\n\n\n\n<p>Laiku pa laikam un bez iepriek\u0161\u0113ja br\u012bdin\u0101juma m\u0113s varam main\u012bt, papla\u0161in\u0101t un uzlabot programmu. Jebkur\u0101 br\u012bd\u012b m\u0113s varam p\u0101rtraukt Programmas da\u013cas vai visas Programmas darb\u012bbu vai selekt\u012bvi izsl\u0113gt noteiktas Programmas funkcijas. Pati par sevi j\u016bsu Programmas izmanto\u0161ana nav pietiekams pamats un nedod ties\u012bbas uz turpm\u0101ko Programmas nodro\u0161in\u0101\u0161anu vai pieejam\u012bbu Jums. Jebk\u0101da Programmas vai jebk\u0101du konkr\u0113tu funkciju modific\u0113\u0161ana vai iz\u0146em\u0161ana tiks veikta tikai p\u0113c m\u016bsu ieskatiem un bez saist\u012bb\u0101m vai atbild\u012bbas pret Jums.<\/p>\n\n\n\n<ol start=\"12\" class=\"wp-block-list\">\n<li><strong>IZBEIG\u0160ANA UN NOTEIKUMU DARB\u012aBA P\u0112C IZBEIG\u0160ANAS<\/strong><\/li>\n<\/ol>\n\n\n\n<p>Jebkur\u0101 br\u012bd\u012b m\u0113s varam aptur\u0113t vai izbeigt j\u016bsu licenci vai piek\u013cuvi Programmai jebk\u0101da iemesla d\u0113\u013c, piem\u0113ram, ja p\u0101rk\u0101pjat jebk\u0101dus b\u016btiskus \u0161\u012b L\u012bguma noteikumus vai rad\u0101t zaud\u0113jumus, risku vai iesp\u0113jamas juridiskas sekas mums vai citiem lietot\u0101jiem.<\/p>\n\n\n\n<p>Izbeig\u0161anas gad\u012bjum\u0101 L\u012bguma noteikumi, kuriem p\u0113c savas b\u016bt\u012bbas b\u016btu j\u0101turpina darboties p\u0113c izbeig\u0161anas, paliek sp\u0113k\u0101, tostarp neierobe\u017eota atteik\u0161an\u0101s no garantij\u0101m, str\u012bdu risin\u0101\u0161ana, zaud\u0113jumu atl\u012bdzin\u0101\u0161ana, Programmas licen\u010du ierobe\u017eojumi un atbild\u012bbas ierobe\u017eo\u0161ana.<\/p>\n\n\n\n<ol start=\"13\" class=\"wp-block-list\">\n<li><strong>NODO\u0160ANA<\/strong><\/li>\n<\/ol>\n\n\n\n<p>Jums nav ties\u012bbu nodot jebk\u0101das savas ties\u012bbas un saist\u012bbas, kas izriet no \u0161\u012b L\u012bguma, nevienai tre\u0161ajai pusei bez iepriek\u0161\u0113jas m\u016bsu rakstiskas piekri\u0161anas. Visas savas ties\u012bbas un pien\u0101kumus saska\u0146\u0101 ar \u0161o L\u012bgumu m\u0113s varam nodot, ja tiek nodota Programma vai m\u016bsu ties\u012bbas uz Programmu, vai gad\u012bjumos, kad notiek apvieno\u0161an\u0101s, ieg\u0101de, uz\u0146\u0113mumu restrukturiz\u0101cija, akt\u012bvu p\u0101rdo\u0161ana, pazi\u0146ojot Jums par \u0161\u0101du nodo\u0161anu.<\/p>\n\n\n\n<ol start=\"14\" class=\"wp-block-list\">\n<li><strong>STR\u012aDU RISIN\u0100\u0160ANA<\/strong><\/li>\n<\/ol>\n\n\n\n<p>Jebk\u0101dus str\u012bdus, kas izriet no \u0161\u012b L\u012bguma, regul\u0113 Lietuvas Republikas likumi, ne\u0146emot v\u0113r\u0101 t\u0101 pretrun\u012bgos noteikumus. VISI STR\u012aDI SAIST\u012aB\u0100 AR \u0160O L\u012aGUMU J\u0100RISINA ATTIEC\u012aG\u0100 LIETUVAS REPUBLIKAS TIES\u0100 SASKA\u0145\u0100 AR LIETUVAS REPUBLIKAS LIKUMIEM.<\/p>\n\n\n\n<ol start=\"15\" class=\"wp-block-list\">\n<li><strong>CITI NOTEIKUMI<\/strong><\/li>\n<\/ol>\n\n\n\n<p>Ja k\u0101da iemesla d\u0113\u013c tiesa vai cita kompetent\u0101 iest\u0101de nolemj, ka k\u0101ds no \u0161\u012b L\u012bguma noteikumiem vai t\u0101 da\u013ca nav pild\u0101ma, \u0161is noteikums j\u0101pilda maksim\u0101li at\u013caut\u0101 apjom\u0101, savuk\u0101rt p\u0101r\u0113j\u0101 \u0161\u012b L\u012bguma da\u013ca turpina b\u016bt sp\u0113k\u0101 piln\u0101 apjom\u0101.<\/p>\n\n\n\n<ol start=\"16\" class=\"wp-block-list\">\n<li><strong>SAZINIETIES AR MUMS<\/strong><\/li>\n<\/ol>\n\n\n\n<p>Ja jums ir k\u0101das piez\u012bmes vai jaut\u0101jumi par k\u0101du pakalpojumu da\u013cu vai jebkuru \u0161\u012b L\u012bguma da\u013cu, l\u016bdzam&nbsp; sazin\u0101ties ar mums, rakstot uz <a href=\"mailto:info@geoface.com\">info@geoface.com<\/a><\/p>\n\n\n\n<p>Atjauno\u0161anas datums: [2021-03-18]<\/p>\n","protected":false},"excerpt":{"rendered":"<p>\u0160ie lieto\u0161anas noteikumi (\u0161is \u201cl\u012bgums\u201d) ir juridisks l\u012bgums starp jums (\u201cJ\u016bs\u201d) un UAB \u201cGeoface\u201d \u2013 uz\u0146\u0113mumu, kas dibin\u0101ts saska\u0146\u0101 ar Lietuvas Republikas likumiem (\u201cUz\u0146\u0113mums\u201d vai \u201cm\u0113s\u201d), un l\u012bgums ir paredz\u0113ts m\u016bsu programmat\u016bras un visu saist\u012bto pakalpojumu, funkciju un satura, ko pied\u0101v\u0101 Uz\u0146\u0113mums (saukta ar\u012b par \u201cProgrammu\u201d), izmanto\u0161anai. R\u016bp\u012bgi izlasiet \u0161o l\u012bgumu un Priv\u0101tuma politiku. Izveidojot [&hellip;]<\/p>\n","protected":false},"author":1,"featured_media":0,"parent":0,"menu_order":0,"comment_status":"closed","ping_status":"closed","template":"","meta":{"om_disable_all_campaigns":false,"footnotes":""},"class_list":["post-14726","page","type-page","status-publish","hentry"],"_links":{"self":[{"href":"https:\/\/geoface.com\/lv\/wp-json\/wp\/v2\/pages\/14726","targetHints":{"allow":["GET"]}}],"collection":[{"href":"https:\/\/geoface.com\/lv\/wp-json\/wp\/v2\/pages"}],"about":[{"href":"https:\/\/geoface.com\/lv\/wp-json\/wp\/v2\/types\/page"}],"author":[{"embeddable":true,"href":"https:\/\/geoface.com\/lv\/wp-json\/wp\/v2\/users\/1"}],"replies":[{"embeddable":true,"href":"https:\/\/geoface.com\/lv\/wp-json\/wp\/v2\/comments?post=14726"}],"version-history":[{"count":1,"href":"https:\/\/geoface.com\/lv\/wp-json\/wp\/v2\/pages\/14726\/revisions"}],"predecessor-version":[{"id":14727,"href":"https:\/\/geoface.com\/lv\/wp-json\/wp\/v2\/pages\/14726\/revisions\/14727"}],"wp:attachment":[{"href":"https:\/\/geoface.com\/lv\/wp-json\/wp\/v2\/media?parent=14726"}],"curies":[{"name":"wp","href":"https:\/\/api.w.org\/{rel}","templated":true}]}}