{"id":15856,"date":"2026-04-16T14:33:32","date_gmt":"2026-04-16T11:33:32","guid":{"rendered":"https:\/\/geoface.com\/?page_id=15856"},"modified":"2026-04-16T14:58:32","modified_gmt":"2026-04-16T11:58:32","slug":"pirmadienis-su-geoface","status":"publish","type":"page","link":"https:\/\/geoface.com\/lt\/pirmadienis-su-geoface\/","title":{"rendered":"Pirmadienio mokymai"},"content":{"rendered":"\t\t<div data-elementor-type=\"wp-page\" data-elementor-id=\"15856\" class=\"elementor elementor-15856\" data-elementor-post-type=\"page\">\n\t\t\t\t\t\t<section class=\" elementor-section elementor-top-section elementor-element elementor-element-6937a44 elementor-section-boxed elementor-section-height-default elementor-section-height-default smart-sticky-default\" data-id=\"6937a44\" data-element_type=\"section\">\r\n\t\t\t\t\t\t\t\t<div class=\"elementor-container elementor-column-gap-default\">\r\n\t\t\t\t\r\n\t\t\t\t\t\t\t\t<div class=\" elementor-column elementor-col-100 elementor-top-column elementor-element elementor-element-d71656c \" data-id=\"d71656c\" data-element_type=\"column\">\r\n\r\n\t\t\t\t\r\n\t\t\t\t<div class=\"elementor-widget-wrap elementor-element-populated\">\r\n\t\t\t\t\t\t\t\t\t\t\r\n\t\t\t\t\t\t<div class=\"elementor-element elementor-element-9cc56e3 elementor-widget elementor-widget-heading\" data-id=\"9cc56e3\" data-element_type=\"widget\" data-widget_type=\"heading.default\">\n\t\t\t\t<div class=\"elementor-widget-container\">\n\t\t\t\t\t<h1 class=\"elementor-heading-title elementor-size-default\">Pirmadieniai su Geoface<\/h1>\t\t\t\t<\/div>\n\t\t\t\t<\/div>\n\t\t\t\t\t\t<\/div>\r\n\t\t\t\t<\/div>\r\n\t\t\t\t\t\t\t\t<\/div>\r\n\t\t\t<\/section>\r\n\t\t\t\t\t<section class=\" elementor-section elementor-top-section elementor-element elementor-element-73e9ba5 elementor-section-boxed elementor-section-height-default elementor-section-height-default smart-sticky-default\" data-id=\"73e9ba5\" data-element_type=\"section\">\r\n\t\t\t\t\t\t\t\t<div class=\"elementor-container elementor-column-gap-default\">\r\n\t\t\t\t\r\n\t\t\t\t\t\t\t\t<div class=\" elementor-column elementor-col-100 elementor-top-column elementor-element elementor-element-4a2a5ea \" data-id=\"4a2a5ea\" data-element_type=\"column\">\r\n\r\n\t\t\t\t\r\n\t\t\t\t<div class=\"elementor-widget-wrap elementor-element-populated\">\r\n\t\t\t\t\t\t\t\t\t\t\r\n\t\t\t\t\t\t<div class=\"elementor-element elementor-element-c5c52d4 elementor-widget elementor-widget-heading\" data-id=\"c5c52d4\" data-element_type=\"widget\" data-widget_type=\"heading.default\">\n\t\t\t\t<div class=\"elementor-widget-container\">\n\t\t\t\t\t<h2 class=\"elementor-heading-title elementor-size-default\">Susitikime kiekvien\u0105 pirmadien\u012f 10:00 internetu<\/h2>\t\t\t\t<\/div>\n\t\t\t\t<\/div>\n\t\t\t\t\t\t<\/div>\r\n\t\t\t\t<\/div>\r\n\t\t\t\t\t\t\t\t<\/div>\r\n\t\t\t<\/section>\r\n\t\t\t\t\t<section class=\" elementor-section elementor-top-section elementor-element elementor-element-ee040a3 elementor-section-boxed elementor-section-height-default elementor-section-height-default smart-sticky-default\" data-id=\"ee040a3\" data-element_type=\"section\">\r\n\t\t\t\t\t\t\t\t<div class=\"elementor-container elementor-column-gap-default\">\r\n\t\t\t\t\r\n\t\t\t\t\t\t\t\t<div class=\" elementor-column elementor-col-100 elementor-top-column elementor-element elementor-element-3d13fe0 \" data-id=\"3d13fe0\" data-element_type=\"column\">\r\n\r\n\t\t\t\t\r\n\t\t\t\t<div class=\"elementor-widget-wrap elementor-element-populated\">\r\n\t\t\t\t\t\t\t\t\t\t\r\n\t\t\t\t\t\t<div class=\"elementor-element elementor-element-2201a5c elementor-align-center elementor-icon-list--layout-traditional elementor-list-item-link-full_width elementor-widget elementor-widget-icon-list\" data-id=\"2201a5c\" data-element_type=\"widget\" data-widget_type=\"icon-list.default\">\n\t\t\t\t<div class=\"elementor-widget-container\">\n\t\t\t\t\t\t\t<ul class=\"elementor-icon-list-items\">\n\t\t\t\t\t\t\t<li class=\"elementor-icon-list-item\">\n\t\t\t\t\t\t\t\t\t\t\t<span class=\"elementor-icon-list-icon\">\n\t\t\t\t\t\t\t<svg aria-hidden=\"true\" class=\"e-font-icon-svg e-fas-check\" viewBox=\"0 0 512 512\" xmlns=\"http:\/\/www.w3.org\/2000\/svg\"><path d=\"M173.898 439.404l-166.4-166.4c-9.997-9.997-9.997-26.206 0-36.204l36.203-36.204c9.997-9.998 26.207-9.998 36.204 0L192 312.69 432.095 72.596c9.997-9.997 26.207-9.997 36.204 0l36.203 36.204c9.997 9.997 9.997 26.206 0 36.204l-294.4 294.401c-9.998 9.997-26.207 9.997-36.204-.001z\"><\/path><\/svg>\t\t\t\t\t\t<\/span>\n\t\t\t\t\t\t\t\t\t\t<span class=\"elementor-icon-list-text\">Paskutini\u0173 atnaujinim\u0173 pristatymas<\/span>\n\t\t\t\t\t\t\t\t\t<\/li>\n\t\t\t\t\t\t\t\t<li class=\"elementor-icon-list-item\">\n\t\t\t\t\t\t\t\t\t\t\t<span class=\"elementor-icon-list-icon\">\n\t\t\t\t\t\t\t<svg aria-hidden=\"true\" class=\"e-font-icon-svg e-fas-check\" viewBox=\"0 0 512 512\" xmlns=\"http:\/\/www.w3.org\/2000\/svg\"><path d=\"M173.898 439.404l-166.4-166.4c-9.997-9.997-9.997-26.206 0-36.204l36.203-36.204c9.997-9.998 26.207-9.998 36.204 0L192 312.69 432.095 72.596c9.997-9.997 26.207-9.997 36.204 0l36.203 36.204c9.997 9.997 9.997 26.206 0 36.204l-294.4 294.401c-9.998 9.997-26.207 9.997-36.204-.001z\"><\/path><\/svg>\t\t\t\t\t\t<\/span>\n\t\t\t\t\t\t\t\t\t\t<span class=\"elementor-icon-list-text\">Sezono aktualiausi\u0173 funkcij\u0173 pakartojimas<\/span>\n\t\t\t\t\t\t\t\t\t<\/li>\n\t\t\t\t\t\t\t\t<li class=\"elementor-icon-list-item\">\n\t\t\t\t\t\t\t\t\t\t\t<span class=\"elementor-icon-list-icon\">\n\t\t\t\t\t\t\t<svg aria-hidden=\"true\" class=\"e-font-icon-svg e-fas-check\" viewBox=\"0 0 512 512\" xmlns=\"http:\/\/www.w3.org\/2000\/svg\"><path d=\"M173.898 439.404l-166.4-166.4c-9.997-9.997-9.997-26.206 0-36.204l36.203-36.204c9.997-9.998 26.207-9.998 36.204 0L192 312.69 432.095 72.596c9.997-9.997 26.207-9.997 36.204 0l36.203 36.204c9.997 9.997 9.997 26.206 0 36.204l-294.4 294.401c-9.998 9.997-26.207 9.997-36.204-.001z\"><\/path><\/svg>\t\t\t\t\t\t<\/span>\n\t\t\t\t\t\t\t\t\t\t<span class=\"elementor-icon-list-text\">Klausimai ir atsakymai<\/span>\n\t\t\t\t\t\t\t\t\t<\/li>\n\t\t\t\t\t\t\t\t<li class=\"elementor-icon-list-item\">\n\t\t\t\t\t\t\t\t\t\t\t<span class=\"elementor-icon-list-icon\">\n\t\t\t\t\t\t\t<svg aria-hidden=\"true\" class=\"e-font-icon-svg e-fas-check\" viewBox=\"0 0 512 512\" xmlns=\"http:\/\/www.w3.org\/2000\/svg\"><path d=\"M173.898 439.404l-166.4-166.4c-9.997-9.997-9.997-26.206 0-36.204l36.203-36.204c9.997-9.998 26.207-9.998 36.204 0L192 312.69 432.095 72.596c9.997-9.997 26.207-9.997 36.204 0l36.203 36.204c9.997 9.997 9.997 26.206 0 36.204l-294.4 294.401c-9.998 9.997-26.207 9.997-36.204-.001z\"><\/path><\/svg>\t\t\t\t\t\t<\/span>\n\t\t\t\t\t\t\t\t\t\t<span class=\"elementor-icon-list-text\">Gyva diskusija<\/span>\n\t\t\t\t\t\t\t\t\t<\/li>\n\t\t\t\t\t\t<\/ul>\n\t\t\t\t\t\t<\/div>\n\t\t\t\t<\/div>\n\t\t\t\t\t\t<\/div>\r\n\t\t\t\t<\/div>\r\n\t\t\t\t\t\t\t\t<\/div>\r\n\t\t\t<\/section>\r\n\t\t\t\t\t<section class=\" elementor-section elementor-top-section elementor-element elementor-element-fa706fc elementor-section-boxed elementor-section-height-default elementor-section-height-default smart-sticky-default\" data-id=\"fa706fc\" data-element_type=\"section\">\r\n\t\t\t\t\t\t\t\t<div class=\"elementor-container elementor-column-gap-default\">\r\n\t\t\t\t\r\n\t\t\t\t\t\t\t\t<div class=\" elementor-column elementor-col-100 elementor-top-column elementor-element elementor-element-aa9d1ea \" data-id=\"aa9d1ea\" data-element_type=\"column\">\r\n\r\n\t\t\t\t\r\n\t\t\t\t<div class=\"elementor-widget-wrap elementor-element-populated\">\r\n\t\t\t\t\t\t\t\t\t\t\r\n\t\t\t\t\t\t<div class=\"elementor-element elementor-element-39b9e67 elementor-widget elementor-widget-text-editor\" data-id=\"39b9e67\" data-element_type=\"widget\" data-widget_type=\"text-editor.default\">\n\t\t\t\t<div class=\"elementor-widget-container\">\n\t\t\t\t\t\t\t\t\t<p>Geoface program\u0105 atnaujiname ma\u017edaug kart\u0105 per dvi savaites. Kas kart\u0105 \u012fdedame didesni\u0173 ar ma\u017eesni\u0173 atnaujinim\u0173 ir pataisym\u0173. Visk\u0105 sekti &#8211; gali b\u016bti sud\u0117tinga. Tod\u0117l si\u016blome prisijungti \u012f gyv\u0105 naujien\u0173 pristatym\u0105. Kiekvien\u0105 savait\u0119 i\u0161samiai pristatysime visk\u0105, ko galb\u016bt nepasteb\u0117jote. Gal\u0117sime pasikartoti tam laikme\u010diui reikalingiausi\u0173 funkcij\u0173 valdym\u0105. Atsakysime \u012f visus susikaupusius klausimus. Jei reik\u0117s, aprodysime programos galimybes ir \u0161mokinsime naudotis. <strong>Kiekvien\u0105 pirmadien\u012f nuo 10:00.<\/strong><\/p><p>Kvie\u010dia prisijungti per Microsoft Teams platform\u0105 paspaudus apa\u010dioje esant\u012f \u017eali\u0105 mygtuk\u0105\u00a0<\/p>\t\t\t\t\t\t\t\t<\/div>\n\t\t\t\t<\/div>\n\t\t\t\t\t\t<\/div>\r\n\t\t\t\t<\/div>\r\n\t\t\t\t\t\t\t\t<\/div>\r\n\t\t\t<\/section>\r\n\t\t\t\t\t<section class=\" elementor-section elementor-top-section elementor-element elementor-element-c3b1d9b elementor-section-boxed elementor-section-height-default elementor-section-height-default smart-sticky-default\" data-id=\"c3b1d9b\" data-element_type=\"section\">\r\n\t\t\t\t\t\t\t\t<div class=\"elementor-container elementor-column-gap-default\">\r\n\t\t\t\t\r\n\t\t\t\t\t\t\t\t<div class=\" elementor-column elementor-col-100 elementor-top-column elementor-element elementor-element-043630b \" data-id=\"043630b\" data-element_type=\"column\">\r\n\r\n\t\t\t\t\r\n\t\t\t\t<div class=\"elementor-widget-wrap elementor-element-populated\">\r\n\t\t\t\t\t\t\t\t\t\t\r\n\t\t\t\t\t\t<div class=\"elementor-element elementor-element-e8c7eb4 elementor-button-success elementor-align-center elementor-widget elementor-widget-button\" data-id=\"e8c7eb4\" data-element_type=\"widget\" data-widget_type=\"button.default\">\n\t\t\t\t<div class=\"elementor-widget-container\">\n\t\t\t\t\t\t\t\t\t<div class=\"elementor-button-wrapper\">\n\t\t\t\t\t<a class=\"elementor-button elementor-button-link elementor-size-sm\" href=\"https:\/\/teams.microsoft.com\/l\/meetup-join\/19%3ameeting_YzZjMmM3YjMtNjc1Yi00YTA4LThmYzUtYjk2NDEwM2UwZDhm%40thread.v2\/0?context=%7b%22Tid%22%3a%22efb650c5-adad-4fdc-af31-7390b6f8619c%22%2c%22Oid%22%3a%227d99679f-9619-42fc-8c60-ed4faa0d2e02%22%7d\">\n\t\t\t\t\t\t<span class=\"elementor-button-content-wrapper\">\n\t\t\t\t\t\t\t\t\t<span class=\"elementor-button-text\">Prisijungti pirmadien\u012f 10:00<\/span>\n\t\t\t\t\t<\/span>\n\t\t\t\t\t<\/a>\n\t\t\t\t<\/div>\n\t\t\t\t\t\t\t\t<\/div>\n\t\t\t\t<\/div>\n\t\t\t\t\t\t<\/div>\r\n\t\t\t\t<\/div>\r\n\t\t\t\t\t\t\t\t<\/div>\r\n\t\t\t<\/section>\r\n\t\t\t\t\t<\/div>\n\t\t","protected":false},"excerpt":{"rendered":"<p>Pirmadieniai su Geoface Susitikime kiekvien\u0105 pirmadien\u012f 10:00 internetu Paskutini\u0173 atnaujinim\u0173 pristatymas Sezono aktualiausi\u0173 funkcij\u0173 pakartojimas Klausimai ir atsakymai Gyva diskusija Geoface program\u0105 atnaujiname ma\u017edaug kart\u0105 per dvi savaites. Kas kart\u0105 \u012fdedame didesni\u0173 ar ma\u017eesni\u0173 atnaujinim\u0173 ir pataisym\u0173. Visk\u0105 sekti &#8211; gali b\u016bti sud\u0117tinga. Tod\u0117l si\u016blome prisijungti \u012f gyv\u0105 naujien\u0173 pristatym\u0105. Kiekvien\u0105 savait\u0119 i\u0161samiai pristatysime visk\u0105, [&hellip;]<\/p>\n","protected":false},"author":1,"featured_media":0,"parent":0,"menu_order":0,"comment_status":"closed","ping_status":"closed","template":"","meta":{"om_disable_all_campaigns":false,"footnotes":""},"class_list":["post-15856","page","type-page","status-publish","hentry"],"_links":{"self":[{"href":"https:\/\/geoface.com\/lt\/wp-json\/wp\/v2\/pages\/15856","targetHints":{"allow":["GET"]}}],"collection":[{"href":"https:\/\/geoface.com\/lt\/wp-json\/wp\/v2\/pages"}],"about":[{"href":"https:\/\/geoface.com\/lt\/wp-json\/wp\/v2\/types\/page"}],"author":[{"embeddable":true,"href":"https:\/\/geoface.com\/lt\/wp-json\/wp\/v2\/users\/1"}],"replies":[{"embeddable":true,"href":"https:\/\/geoface.com\/lt\/wp-json\/wp\/v2\/comments?post=15856"}],"version-history":[{"count":9,"href":"https:\/\/geoface.com\/lt\/wp-json\/wp\/v2\/pages\/15856\/revisions"}],"predecessor-version":[{"id":15866,"href":"https:\/\/geoface.com\/lt\/wp-json\/wp\/v2\/pages\/15856\/revisions\/15866"}],"wp:attachment":[{"href":"https:\/\/geoface.com\/lt\/wp-json\/wp\/v2\/media?parent=15856"}],"curies":[{"name":"wp","href":"https:\/\/api.w.org\/{rel}","templated":true}]}}