{"id":15662,"date":"2026-01-08T09:56:23","date_gmt":"2026-01-08T07:56:23","guid":{"rendered":"https:\/\/geoface.com\/pamokos-2\/"},"modified":"2026-01-09T18:35:25","modified_gmt":"2026-01-09T16:35:25","slug":"pamokos","status":"publish","type":"page","link":"https:\/\/geoface.com\/lt\/pamokos\/","title":{"rendered":"Pamokos"},"content":{"rendered":"\t\t<div data-elementor-type=\"wp-page\" data-elementor-id=\"15662\" class=\"elementor elementor-15662 elementor-15656\" data-elementor-post-type=\"page\">\n\t\t\t\t\t\t<section class=\" elementor-section elementor-top-section elementor-element elementor-element-46a7ebb9 elementor-section-boxed elementor-section-height-default elementor-section-height-default smart-sticky-default\" data-id=\"46a7ebb9\" data-element_type=\"section\">\r\n\t\t\t\t\t\t\t\t<div class=\"elementor-container elementor-column-gap-default\">\r\n\t\t\t\t\r\n\t\t\t\t\t\t\t\t<div class=\" elementor-column elementor-col-100 elementor-top-column elementor-element elementor-element-5ee0952a \" data-id=\"5ee0952a\" data-element_type=\"column\">\r\n\r\n\t\t\t\t\r\n\t\t\t\t<div class=\"elementor-widget-wrap elementor-element-populated\">\r\n\t\t\t\t\t\t\t\t\t\t\r\n\t\t\t\t\t\t<div class=\"elementor-element elementor-element-4aeccecd elementor-widget__width-initial elementor-widget-laptop__width-initial elementor-widget-tablet__width-initial elementor-widget-mobile__width-initial w-100 elementor-invisible elementor-widget elementor-widget-udesign_widget_heading\" data-id=\"4aeccecd\" data-element_type=\"widget\" data-settings=\"{&quot;_animation&quot;:&quot;fadeIn&quot;}\" data-widget_type=\"udesign_widget_heading.default\">\n\t\t\t\t<div class=\"elementor-widget-container\">\n\t\t\t\t\t<div class=\"title-wrapper  title-center\"><h2 class=\"title elementor-heading-title\">Pamokos<\/h2><\/div>\t\t\t\t<\/div>\n\t\t\t\t<\/div>\n\t\t\t\t\t\t<\/div>\r\n\t\t\t\t<\/div>\r\n\t\t\t\t\t\t\t\t<\/div>\r\n\t\t\t<\/section>\r\n\t\t\t\t\t<section class=\" elementor-section elementor-top-section elementor-element elementor-element-22150dc elementor-section-boxed elementor-section-height-default elementor-section-height-default smart-sticky-default\" data-id=\"22150dc\" data-element_type=\"section\">\r\n\t\t\t\t\t\t\t\t<div class=\"elementor-container elementor-column-gap-default\">\r\n\t\t\t\t\r\n\t\t\t\t\t\t\t\t<div class=\" elementor-column elementor-col-100 elementor-top-column elementor-element elementor-element-a4de684 \" data-id=\"a4de684\" data-element_type=\"column\">\r\n\r\n\t\t\t\t\r\n\t\t\t\t<div class=\"elementor-widget-wrap elementor-element-populated\">\r\n\t\t\t\t\t\t\t\t\t\t\r\n\t\t\t\t\t\t<div class=\"elementor-element elementor-element-3f5e19c elementor-grid-3 elementor-grid-tablet-2 elementor-grid-mobile-1 elementor-widget elementor-widget-betterdocs-category-grid\" data-id=\"3f5e19c\" data-element_type=\"widget\" data-settings=\"{&quot;grid_column&quot;:&quot;3&quot;,&quot;grid_column_tablet&quot;:&quot;2&quot;,&quot;grid_column_mobile&quot;:&quot;1&quot;}\" data-widget_type=\"betterdocs-category-grid.default\">\n\t\t\t\t\t\n<div\n\tid=\"el-betterdocs-cat-grid-3f5e19c\" class=\"betterdocs-category-grid-wrapper betterdocs-elementor\">\n\t<div\n\t\tclass=\"betterdocs-category-grid-inner-wrapper betterdocs-category-grid grid layout-flex\" data-layout-mode=\"grid\" data-column_space_desktop=\"\" data-column_space_tab=\"\" data-column_space_mobile=\"\" data-column=\"3\" data-column_desktop=\"3\" data-column_tab=\"2\" data-column_mobile=\"1\">\n\t\t\n<article\n\tdata-id=\"49\" class=\"betterdocs-single-category-wrapper category-grid default\">\n\t<div class=\"betterdocs-single-category-inner\">\n\t\t\n<div class=\"betterdocs-category-header\">\n\t<div class=\"betterdocs-category-header-inner\">\n\t\t\n<div class=\"betterdocs-category-icon\">\n\t<img decoding=\"async\" alt=\"betterdocs-category-icon\" class=\"betterdocs-category-icon-img\" src=\"https:\/\/geoface.com\/wp-content\/plugins\/betterdocs\/assets\/admin\/images\/betterdocs-cat-icon.svg?v=4.3.11\" \/><\/div>\n<h2 class=\"betterdocs-category-title\">Registracija \/ prisijungimas<\/h2>\n<div data-count=\"6\" class=\"betterdocs-category-items-counts\">\n\t<span>\n\t\t 6 \t<\/span>\n<\/div>\n\t<\/div>\n<\/div>\n<div class=\"betterdocs-body\">\n<ul class=\"betterdocs-articles-list\">\n\t<li><i class=\"far fa-file-alt\"><\/i><a href=\"https:\/\/geoface.com\/lt\/docs\/kaip-naudotis-pagalba\/\"><span>Kaip naudotis pagalba?<\/span> <\/a><\/li><li><i class=\"far fa-file-alt\"><\/i><a href=\"https:\/\/geoface.com\/lt\/docs\/kaip-atsisiusti-geoface-programele\/\"><span>Kaip atsisi\u0173sti Geoface program\u0117l\u0119?<\/span> <\/a><\/li><li><i class=\"far fa-file-alt\"><\/i><a href=\"https:\/\/geoface.com\/lt\/docs\/kaip-sistemoje-pakeisti-kalba-2\/\"><span>Kaip sistemoje pakeisti kalb\u0105?<\/span> <\/a><\/li><li><i class=\"far fa-file-alt\"><\/i><a href=\"https:\/\/geoface.com\/lt\/docs\/ka-daryti-jeigu-pamirsau-savo-slaptazodi\/\"><span>K\u0105 daryti jeigu pamir\u0161au savo slapta\u017eod\u012f?<\/span> <\/a><\/li><li><i class=\"far fa-file-alt\"><\/i><a href=\"https:\/\/geoface.com\/lt\/docs\/kaip-pradeti-darba-su-programa\/\"><span>Kaip prad\u0117ti darb\u0105 su programa?<\/span> <\/a><\/li><li><i class=\"far fa-file-alt\"><\/i><a href=\"https:\/\/geoface.com\/lt\/docs\/kaip-prisiregistruoti-arba-prisijungti\/\"><span>Kaip prisiregistruoti arba prisijungti?<\/span> <\/a><\/li><\/ul>\n<\/div>\t<\/div>\n<\/article>\n\n<article\n\tdata-id=\"50\" class=\"betterdocs-single-category-wrapper category-grid default\">\n\t<div class=\"betterdocs-single-category-inner\">\n\t\t\n<div class=\"betterdocs-category-header\">\n\t<div class=\"betterdocs-category-header-inner\">\n\t\t\n<div class=\"betterdocs-category-icon\">\n\t<img decoding=\"async\" alt=\"betterdocs-category-icon\" class=\"betterdocs-category-icon-img\" src=\"https:\/\/geoface.com\/wp-content\/plugins\/betterdocs\/assets\/admin\/images\/betterdocs-cat-icon.svg?v=4.3.11\" \/><\/div>\n<h2 class=\"betterdocs-category-title\">Darbas su laukais<\/h2>\n<div data-count=\"15\" class=\"betterdocs-category-items-counts\">\n\t<span>\n\t\t 15 \t<\/span>\n<\/div>\n\t<\/div>\n<\/div>\n<div class=\"betterdocs-body\">\n<ul class=\"betterdocs-articles-list\">\n\t<li><i class=\"far fa-file-alt\"><\/i><a href=\"https:\/\/geoface.com\/lt\/docs\/kaip-naudotis-lauku-filtru\/\"><span>Kaip naudotis lauk\u0173 filtru?<\/span> <\/a><\/li><li><i class=\"far fa-file-alt\"><\/i><a href=\"https:\/\/geoface.com\/lt\/docs\/kaip-isivesti-tarpinius-paselius\/\"><span>Kaip \u012fsivesti tarpinius pas\u0117lius?<\/span> <\/a><\/li><li><i class=\"far fa-file-alt\"><\/i><a href=\"https:\/\/geoface.com\/lt\/docs\/kaip-rasti-lauko-dirvozemio-strukturos-skirtumu-zemelapi\/\"><span>Kaip rasti lauko dirvo\u017eemio strukt\u016bros skirtum\u0173 \u017eem\u0117lap\u012f?<\/span> <\/a><\/li><li><i class=\"far fa-file-alt\"><\/i><a href=\"https:\/\/geoface.com\/lt\/docs\/kaip-rasti-lauko-melioracijos-zemelapius\/\"><span>Kaip rasti lauko melioracijos \u017eem\u0117lapius?<\/span> <\/a><\/li><li><i class=\"far fa-file-alt\"><\/i><a href=\"https:\/\/geoface.com\/lt\/docs\/kaip-naudotis-ndvi-biomases-zemelapiu\/\"><span>Kaip naudotis NDVI biomas\u0117s \u017eem\u0117lapiu?<\/span> <\/a><\/li><li><i class=\"far fa-file-alt\"><\/i><a href=\"https:\/\/geoface.com\/lt\/docs\/kaip-pakeisti-lauke-augancia-kultura\/\"><span>Kaip pakeisti lauke augan\u010di\u0105 kult\u016br\u0105?<\/span> <\/a><\/li><\/ul>\n<\/div>\n<div class=\"betterdocs-footer\">\n\t\n<a class=\"docs-cat-link-btn betterdocs-category-link-btn\" href=\"https:\/\/geoface.com\/lt\/questions-category\/darbas-su-laukais\/\">\n\tRodyti daugiau<i class=\"fas fa-angle-right\"><\/i><\/a>\n<\/div>\n\t<\/div>\n<\/article>\n\n<article\n\tdata-id=\"52\" class=\"betterdocs-single-category-wrapper category-grid default\">\n\t<div class=\"betterdocs-single-category-inner\">\n\t\t\n<div class=\"betterdocs-category-header\">\n\t<div class=\"betterdocs-category-header-inner\">\n\t\t\n<div class=\"betterdocs-category-icon\">\n\t<img decoding=\"async\" alt=\"betterdocs-category-icon\" class=\"betterdocs-category-icon-img\" src=\"https:\/\/geoface.com\/wp-content\/plugins\/betterdocs\/assets\/admin\/images\/betterdocs-cat-icon.svg?v=4.3.11\" \/><\/div>\n<h2 class=\"betterdocs-category-title\">Tr\u0119\u0161imas<\/h2>\n<div data-count=\"4\" class=\"betterdocs-category-items-counts\">\n\t<span>\n\t\t 4 \t<\/span>\n<\/div>\n\t<\/div>\n<\/div>\n<div class=\"betterdocs-body\">\n<ul class=\"betterdocs-articles-list\">\n\t<li><i class=\"far fa-file-alt\"><\/i><a href=\"https:\/\/geoface.com\/lt\/docs\/kaip-ikelti-tresimo-failus-i-usb\/\"><span>Kaip sugeneruoti kintamos normos tr\u0119\u0161imo \u017eem\u0117lap\u012f?<\/span> <\/a><\/li><li><i class=\"far fa-file-alt\"><\/i><a href=\"https:\/\/geoface.com\/lt\/docs\/kaip-priimti-atmesti-tresimo-uzduoties-rekomendacija\/\"><span>Kaip per\u017ei\u016br\u0117ti ir koreguoti turim\u0105 tr\u0119\u0161imo \u017eem\u0117lap\u012f?<\/span> <\/a><\/li><li><i class=\"far fa-file-alt\"><\/i><a href=\"https:\/\/geoface.com\/lt\/docs\/kokiu-formatu-galiu-parsisiusti-tresimo-zemelapius\/\"><span>Kaip atlikti suplanuot\u0105 tr\u0119\u0161im\u0105?<\/span> <\/a><\/li><li><i class=\"far fa-file-alt\"><\/i><a href=\"https:\/\/geoface.com\/lt\/docs\/kaip-redaguoti-sukurta-tresima\/\"><span>Kaip redaguoti sukurt\u0105 tr\u0119\u0161im\u0105?<\/span> <\/a><\/li><\/ul>\n<\/div>\t<\/div>\n<\/article>\n\n<article\n\tdata-id=\"53\" class=\"betterdocs-single-category-wrapper category-grid default\">\n\t<div class=\"betterdocs-single-category-inner\">\n\t\t\n<div class=\"betterdocs-category-header\">\n\t<div class=\"betterdocs-category-header-inner\">\n\t\t\n<div class=\"betterdocs-category-icon\">\n\t<img decoding=\"async\" alt=\"betterdocs-category-icon\" class=\"betterdocs-category-icon-img\" src=\"https:\/\/geoface.com\/wp-content\/plugins\/betterdocs\/assets\/admin\/images\/betterdocs-cat-icon.svg?v=4.3.11\" \/><\/div>\n<h2 class=\"betterdocs-category-title\">Kitos funkcijos<\/h2>\n<div data-count=\"17\" class=\"betterdocs-category-items-counts\">\n\t<span>\n\t\t 17 \t<\/span>\n<\/div>\n\t<\/div>\n<\/div>\n<div class=\"betterdocs-body\">\n<ul class=\"betterdocs-articles-list\">\n\t<li><i class=\"far fa-file-alt\"><\/i><a href=\"https:\/\/geoface.com\/lt\/docs\/sarase-nerandu-reikiamos-kulturos-ka-daryti\/\"><span>S\u0105ra\u0161e nerandu reikiamos kult\u016bros, k\u0105 daryti?<\/span> <\/a><\/li><li><i class=\"far fa-file-alt\"><\/i><a href=\"https:\/\/geoface.com\/lt\/docs\/kaip-i-sandeli-prisideti-nauja-produkta-kurio-nerandu\/\"><span>Kaip \u012f sand\u0117l\u012f prisid\u0117ti nauj\u0105 produkt\u0105, kurio nerandu?<\/span> <\/a><\/li><li><i class=\"far fa-file-alt\"><\/i><a href=\"https:\/\/geoface.com\/lt\/docs\/kaip-issiimti-sandelio-ataskaita\/\"><span>Kaip i\u0161siimti sand\u0117lio ataskait\u0105?<\/span> <\/a><\/li><li><i class=\"far fa-file-alt\"><\/i><a href=\"https:\/\/geoface.com\/lt\/docs\/kaip-valdyti-sandeli\/\"><span>Kaip valdyti sand\u0117l\u012f?<\/span> <\/a><\/li><li><i class=\"far fa-file-alt\"><\/i><a href=\"https:\/\/geoface.com\/lt\/docs\/kaip-ismokti-dirbti-su-geoface-programa\/\"><span>Kaip i\u0161mokti dirbti su Geoface programa?<\/span> <\/a><\/li><li><i class=\"far fa-file-alt\"><\/i><a href=\"https:\/\/geoface.com\/lt\/docs\/kaip-isikelti-dirvozemio-tyrimu-zemelapius\/\"><span>Kaip \u012fsikelti dirvo\u017eemio tyrim\u0173 \u017eem\u0117lapius?<\/span> <\/a><\/li><\/ul>\n<\/div>\n<div class=\"betterdocs-footer\">\n\t\n<a class=\"docs-cat-link-btn betterdocs-category-link-btn\" href=\"https:\/\/geoface.com\/lt\/questions-category\/kitos-funkcijos\/\">\n\tRodyti daugiau<i class=\"fas fa-angle-right\"><\/i><\/a>\n<\/div>\n\t<\/div>\n<\/article>\n\n<article\n\tdata-id=\"54\" class=\"betterdocs-single-category-wrapper category-grid default\">\n\t<div class=\"betterdocs-single-category-inner\">\n\t\t\n<div class=\"betterdocs-category-header\">\n\t<div class=\"betterdocs-category-header-inner\">\n\t\t\n<div class=\"betterdocs-category-icon\">\n\t<img decoding=\"async\" alt=\"betterdocs-category-icon\" class=\"betterdocs-category-icon-img\" src=\"https:\/\/geoface.com\/wp-content\/plugins\/betterdocs\/assets\/admin\/images\/betterdocs-cat-icon.svg?v=4.3.11\" \/><\/div>\n<h2 class=\"betterdocs-category-title\">S\u0117ja<\/h2>\n<div data-count=\"3\" class=\"betterdocs-category-items-counts\">\n\t<span>\n\t\t 3 \t<\/span>\n<\/div>\n\t<\/div>\n<\/div>\n<div class=\"betterdocs-body\">\n<ul class=\"betterdocs-articles-list\">\n\t<li><i class=\"far fa-file-alt\"><\/i><a href=\"https:\/\/geoface.com\/lt\/docs\/kaip-atlikti-suplanuota-seja\/\"><span>Kaip atlikti suplanuot\u0105 s\u0117j\u0105?<\/span> <\/a><\/li><li><i class=\"far fa-file-alt\"><\/i><a href=\"https:\/\/geoface.com\/lt\/docs\/sejos-planavimas\/\"><span>Kaip susiplanuoti s\u0117j\u0105?<\/span> <\/a><\/li><li><i class=\"far fa-file-alt\"><\/i><a href=\"https:\/\/geoface.com\/lt\/docs\/kaip-suvesti-visiems-laukams-sejomaina\/\"><span>Kaip suvesti visiems laukams s\u0117jomain\u0105?<\/span> <\/a><\/li><\/ul>\n<\/div>\t<\/div>\n<\/article>\n\n<article\n\tdata-id=\"55\" class=\"betterdocs-single-category-wrapper category-grid default\">\n\t<div class=\"betterdocs-single-category-inner\">\n\t\t\n<div class=\"betterdocs-category-header\">\n\t<div class=\"betterdocs-category-header-inner\">\n\t\t\n<div class=\"betterdocs-category-icon\">\n\t<img decoding=\"async\" alt=\"betterdocs-category-icon\" class=\"betterdocs-category-icon-img\" src=\"https:\/\/geoface.com\/wp-content\/plugins\/betterdocs\/assets\/admin\/images\/betterdocs-cat-icon.svg?v=4.3.11\" \/><\/div>\n<h2 class=\"betterdocs-category-title\">Deklaravimas<\/h2>\n<div data-count=\"4\" class=\"betterdocs-category-items-counts\">\n\t<span>\n\t\t 4 \t<\/span>\n<\/div>\n\t<\/div>\n<\/div>\n<div class=\"betterdocs-body\">\n<ul class=\"betterdocs-articles-list\">\n\t<li><i class=\"far fa-file-alt\"><\/i><a href=\"https:\/\/geoface.com\/lt\/docs\/kaip-koreguoti-zurnalo-irasa\/\"><span>Kaip koreguoti \u017eurnalo \u012fra\u0161\u0105?<\/span> <\/a><\/li><li><i class=\"far fa-file-alt\"><\/i><a href=\"https:\/\/geoface.com\/lt\/docs\/kaip-deklaruoti-tresimu-zurnalus-i-zudc\/\"><span>Kaip deklaruoti tr\u0119\u0161im\u0173 \u017eurnalus \u012f \u017dUDC?<\/span> <\/a><\/li><li><i class=\"far fa-file-alt\"><\/i><a href=\"https:\/\/geoface.com\/lt\/docs\/kaip-deklaruoti-aap-zurnalus\/\"><span>Kaip deklaruoti AAP \u017eurnalus?<\/span> <\/a><\/li><li><i class=\"far fa-file-alt\"><\/i><a href=\"https:\/\/geoface.com\/lt\/docs\/kaip-valdyti-purskimu-ir-tresimu-zurnalus\/\"><span>Kaip valdyti pur\u0161kim\u0173 ir tr\u0119\u0161im\u0173 \u017eurnalus?<\/span> <\/a><\/li><\/ul>\n<\/div>\t<\/div>\n<\/article>\n\t<\/div>\n\t\t<div class=\"clearfix\"><\/div>\n\t<\/div>\n\t\t\t\t<\/div>\n\t\t\t\t\t\t<\/div>\r\n\t\t\t\t<\/div>\r\n\t\t\t\t\t\t\t\t<\/div>\r\n\t\t\t<\/section>\r\n\t\t\t\t\t<\/div>\n\t\t","protected":false},"excerpt":{"rendered":"<p>Pamokos<\/p>\n","protected":false},"author":1,"featured_media":0,"parent":0,"menu_order":0,"comment_status":"closed","ping_status":"closed","template":"","meta":{"om_disable_all_campaigns":false,"footnotes":""},"class_list":["post-15662","page","type-page","status-publish","hentry"],"_links":{"self":[{"href":"https:\/\/geoface.com\/lt\/wp-json\/wp\/v2\/pages\/15662","targetHints":{"allow":["GET"]}}],"collection":[{"href":"https:\/\/geoface.com\/lt\/wp-json\/wp\/v2\/pages"}],"about":[{"href":"https:\/\/geoface.com\/lt\/wp-json\/wp\/v2\/types\/page"}],"author":[{"embeddable":true,"href":"https:\/\/geoface.com\/lt\/wp-json\/wp\/v2\/users\/1"}],"replies":[{"embeddable":true,"href":"https:\/\/geoface.com\/lt\/wp-json\/wp\/v2\/comments?post=15662"}],"version-history":[{"count":5,"href":"https:\/\/geoface.com\/lt\/wp-json\/wp\/v2\/pages\/15662\/revisions"}],"predecessor-version":[{"id":15682,"href":"https:\/\/geoface.com\/lt\/wp-json\/wp\/v2\/pages\/15662\/revisions\/15682"}],"wp:attachment":[{"href":"https:\/\/geoface.com\/lt\/wp-json\/wp\/v2\/media?parent=15662"}],"curies":[{"name":"wp","href":"https:\/\/api.w.org\/{rel}","templated":true}]}}