{"id":14675,"date":"2025-02-10T07:44:01","date_gmt":"2025-02-10T07:44:01","guid":{"rendered":"https:\/\/beta.geoface.com\/naujienos\/"},"modified":"2025-03-04T13:31:53","modified_gmt":"2025-03-04T13:31:53","slug":"naujienos","status":"publish","type":"page","link":"https:\/\/geoface.com\/lt\/naujienos\/","title":{"rendered":"Naujienos"},"content":{"rendered":"\t\t<div data-elementor-type=\"wp-page\" data-elementor-id=\"14675\" class=\"elementor elementor-14675 elementor-11625\" data-elementor-post-type=\"page\">\n\t\t\t\t\t\t<section class=\" elementor-section elementor-top-section elementor-element elementor-element-40a22ec8 elementor-section-boxed elementor-section-height-default elementor-section-height-default smart-sticky-default\" data-id=\"40a22ec8\" data-element_type=\"section\">\r\n\t\t\t\t\t\t\t\t<div class=\"elementor-container elementor-column-gap-default\">\r\n\t\t\t\t\r\n\t\t\t\t\t\t\t\t<div class=\" elementor-column elementor-col-100 elementor-top-column elementor-element elementor-element-4b172db \" data-id=\"4b172db\" data-element_type=\"column\">\r\n\r\n\t\t\t\t\r\n\t\t\t\t<div class=\"elementor-widget-wrap elementor-element-populated\">\r\n\t\t\t\t\t\t\t\t\t\t\r\n\t\t\t\t\t\t<div class=\"elementor-element elementor-element-4611eca2 elementor-invisible elementor-widget elementor-widget-udesign_widget_heading\" data-id=\"4611eca2\" data-element_type=\"widget\" data-settings=\"{&quot;_animation&quot;:&quot;fadeIn&quot;}\" data-widget_type=\"udesign_widget_heading.default\">\n\t\t\t\t<div class=\"elementor-widget-container\">\n\t\t\t\t\t<div class=\"title-wrapper  title-center\"><h4 class=\"title elementor-heading-title\">Geoface<\/h4><\/div>\t\t\t\t<\/div>\n\t\t\t\t<\/div>\n\t\t\t\t<div class=\"elementor-element elementor-element-7d1f18e7 elementor-widget__width-initial elementor-widget-laptop__width-initial elementor-widget-tablet__width-initial elementor-widget-mobile__width-initial w-100 elementor-invisible elementor-widget elementor-widget-udesign_widget_heading\" data-id=\"7d1f18e7\" data-element_type=\"widget\" data-settings=\"{&quot;_animation&quot;:&quot;fadeIn&quot;}\" data-widget_type=\"udesign_widget_heading.default\">\n\t\t\t\t<div class=\"elementor-widget-container\">\n\t\t\t\t\t<div class=\"title-wrapper  title-center\"><h2 class=\"title elementor-heading-title\">Naujienos<\/h2><\/div>\t\t\t\t<\/div>\n\t\t\t\t<\/div>\n\t\t\t\t\t\t<\/div>\r\n\t\t\t\t<\/div>\r\n\t\t\t\t\t\t\t\t<\/div>\r\n\t\t\t<\/section>\r\n\t\t\t\t\t<section class=\" elementor-section elementor-top-section elementor-element elementor-element-1ef3576 elementor-section-boxed elementor-section-height-default elementor-section-height-default smart-sticky-default\" data-id=\"1ef3576\" data-element_type=\"section\">\r\n\t\t\t\t\t\t\t\t<div class=\"elementor-container elementor-column-gap-default\">\r\n\t\t\t\t\r\n\t\t\t\t\t\t\t\t<div class=\" elementor-column elementor-col-100 elementor-top-column elementor-element elementor-element-dd38e97 \" data-id=\"dd38e97\" data-element_type=\"column\">\r\n\r\n\t\t\t\t\r\n\t\t\t\t<div class=\"elementor-widget-wrap elementor-element-populated\">\r\n\t\t\t\t\t\t\t\t\t\t\r\n\t\t\t\t\t\t<div class=\"elementor-element elementor-element-ca128d8 elementor-widget elementor-widget-udesign_widget_posts elementor-widget-theme-post-content\" data-id=\"ca128d8\" data-element_type=\"widget\" data-widget_type=\"udesign_widget_posts.default\">\n\t\t\t\t<div class=\"elementor-widget-container\">\n\t\t\t\t\t<div class=\"posts  row cols-lg-3 cols-md-3 cols-sm-2 cols-1 cols-xl-3 posts row cols-lg-3 cols-md-3 cols-sm-2 cols-1 cols-xl-3\" data-post-type=\"default\">\r\n<div class=\"post-wrap \" data-post-image=\"alpha-post-small\">\r\n\r\n\t\r\n\t<article class=\"post-14432 post type-post status-publish format-standard hentry category-naujienos post overlay-zoom  post-default\">\r\n\t\t\t\t<figure class=\"post-media\">\r\n\t\t\t<a href=\"https:\/\/geoface.com\/lt\/2025\/02\/24\/kuo-geoface-ismaniosios-technologijos-gali-pasitarnauti-salies-ukininkams\/\">\r\n\t\t\t\t<img decoding=\"async\" src=\"https:\/\/geoface.com\/wp-content\/themes\/u-design\/assets\/images\/placeholders\/post-placeholder.jpg\" alt=\"Post placeholder image\">\r\n\t\t\t<\/a>\r\n\t\t<\/figure>\r\n\t\t<div class=\"post-details\">\r\n\t<a class=\"post-date\" href=\"https:\/\/geoface.com\/lt\/2025\/02\/24\/\">\r\n\t2025 24 vasario<\/a>\r\n<div class=\"post-cats\"><a href=\"https:\/\/geoface.com\/lt\/category\/naujienos\/\" rel=\"category tag\">Naujienos<\/a><\/div><h3 class=\"post-title\">\r\n\t<a href=\"https:\/\/geoface.com\/lt\/2025\/02\/24\/kuo-geoface-ismaniosios-technologijos-gali-pasitarnauti-salies-ukininkams\/\">\r\n\t\tKuo GeoFace i\u0161maniosios technologijos gali pasitarnauti \u0161alies \u016bkininkams\t<\/a>\r\n<\/h3>\r\n<div class=\"post-content\">\r\n\t<p>Nauj\u0173 partnerys\u010di\u0173 ir moderni\u0173 technologini\u0173 sprendim\u0173 poreik\u012f \u017eem\u0117s \u016bkio sektoriuje vis labiau diktuoja auk\u0161ti aplinkosaugos&hellip;<\/p><\/div>\r\n<div class=\"post-meta\">\r\n\t<div class=\"post-author\">\r\n\t\tby <a href=\"https:\/\/geoface.com\/lt\/author\/valdovas\/\" title=\"Autorius: Geoface Komanda\" rel=\"author\">Geoface Komanda<\/a>\t<\/div>\r\n\t<a href=\"#\" class=\"vote-link like\" data-count=\"50\" data-id=\"14432\">50<\/a>\r\n\t<\/div>\r\n<\/div>\r\n\t<\/article>\r\n\r\n\t\r\n<\/div>\r\n\r\n\r\n<div class=\"post-wrap \" data-post-image=\"alpha-post-small\">\r\n\r\n\t\r\n\t<article class=\"post-14434 post type-post status-publish format-standard hentry category-naujienos post overlay-zoom  post-default\">\r\n\t\t\t\t<figure class=\"post-media\">\r\n\t\t\t<a href=\"https:\/\/geoface.com\/lt\/2025\/02\/24\/kosmines-technologijos-zemdirbiu-laukuose\/\">\r\n\t\t\t\t<img decoding=\"async\" src=\"https:\/\/geoface.com\/wp-content\/themes\/u-design\/assets\/images\/placeholders\/post-placeholder.jpg\" alt=\"Post placeholder image\">\r\n\t\t\t<\/a>\r\n\t\t<\/figure>\r\n\t\t<div class=\"post-details\">\r\n\t<a class=\"post-date\" href=\"https:\/\/geoface.com\/lt\/2025\/02\/24\/\">\r\n\t2025 24 vasario<\/a>\r\n<div class=\"post-cats\"><a href=\"https:\/\/geoface.com\/lt\/category\/naujienos\/\" rel=\"category tag\">Naujienos<\/a><\/div><h3 class=\"post-title\">\r\n\t<a href=\"https:\/\/geoface.com\/lt\/2025\/02\/24\/kosmines-technologijos-zemdirbiu-laukuose\/\">\r\n\t\tKosmin\u0117s technologijos \u017eemdirbi\u0173 laukuose\t<\/a>\r\n<\/h3>\r\n<div class=\"post-content\">\r\n\t<p>Nors dar tur\u0117s praeiti laiko, kol i\u0161maniosios technologijos \u012fsitvirtins \u016bkinink\u0173 ir \u017eem\u0117s \u016bkio bendrovi\u0173 \u016bkiuose,&hellip;<\/p><\/div>\r\n<div class=\"post-meta\">\r\n\t<div class=\"post-author\">\r\n\t\tby <a href=\"https:\/\/geoface.com\/lt\/author\/valdovas\/\" title=\"Autorius: Geoface Komanda\" rel=\"author\">Geoface Komanda<\/a>\t<\/div>\r\n\t<a href=\"#\" class=\"vote-link like\" data-count=\"2\" data-id=\"14434\">2<\/a>\r\n\t<\/div>\r\n<\/div>\r\n\t<\/article>\r\n\r\n\t\r\n<\/div>\r\n\r\n\r\n<div class=\"post-wrap \" data-post-image=\"alpha-post-small\">\r\n\r\n\t\r\n\t<article class=\"post-14435 post type-post status-publish format-standard hentry category-naujienos post overlay-zoom  post-default\">\r\n\t\t\t\t<figure class=\"post-media\">\r\n\t\t\t<a href=\"https:\/\/geoface.com\/lt\/2025\/02\/24\/dar-tikslesnis-lauku-atvaizdavimas-su-fapar-palydovine-technologija\/\">\r\n\t\t\t\t<img decoding=\"async\" src=\"https:\/\/geoface.com\/wp-content\/themes\/u-design\/assets\/images\/placeholders\/post-placeholder.jpg\" alt=\"Post placeholder image\">\r\n\t\t\t<\/a>\r\n\t\t<\/figure>\r\n\t\t<div class=\"post-details\">\r\n\t<a class=\"post-date\" href=\"https:\/\/geoface.com\/lt\/2025\/02\/24\/\">\r\n\t2025 24 vasario<\/a>\r\n<div class=\"post-cats\"><a href=\"https:\/\/geoface.com\/lt\/category\/naujienos\/\" rel=\"category tag\">Naujienos<\/a><\/div><h3 class=\"post-title\">\r\n\t<a href=\"https:\/\/geoface.com\/lt\/2025\/02\/24\/dar-tikslesnis-lauku-atvaizdavimas-su-fapar-palydovine-technologija\/\">\r\n\t\tDar tikslesnis lauk\u0173 atvaizdavimas su FAPAR palydovine technologija\t<\/a>\r\n<\/h3>\r\n<div class=\"post-content\">\r\n\t<p>B\u0117gant laikui netipin\u0117s oro s\u0105lygos \u016bkininkams kelia vis daugiau nerimo ir i\u0161\u0161\u016bki\u0173. \u017dem\u0117s \u016bkis yra&hellip;<\/p><\/div>\r\n<div class=\"post-meta\">\r\n\t<div class=\"post-author\">\r\n\t\tby <a href=\"https:\/\/geoface.com\/lt\/author\/valdovas\/\" title=\"Autorius: Geoface Komanda\" rel=\"author\">Geoface Komanda<\/a>\t<\/div>\r\n\t<a href=\"#\" class=\"vote-link like\" data-count=\"0\" data-id=\"14435\">0<\/a>\r\n\t<\/div>\r\n<\/div>\r\n\t<\/article>\r\n\r\n\t\r\n<\/div>\r\n\r\n\r\n<div class=\"post-wrap \" data-post-image=\"alpha-post-small\">\r\n\r\n\t\r\n\t<article class=\"post-14439 post type-post status-publish format-standard hentry category-naujienos post overlay-zoom  post-default\">\r\n\t\t\t\t<figure class=\"post-media\">\r\n\t\t\t<a href=\"https:\/\/geoface.com\/lt\/2025\/02\/24\/mokslininkai-istirs-kodel-labunavos-zub-derlius-yra-didesnis-nei-vidutinis\/\">\r\n\t\t\t\t<img decoding=\"async\" src=\"https:\/\/geoface.com\/wp-content\/themes\/u-design\/assets\/images\/placeholders\/post-placeholder.jpg\" alt=\"Post placeholder image\">\r\n\t\t\t<\/a>\r\n\t\t<\/figure>\r\n\t\t<div class=\"post-details\">\r\n\t<a class=\"post-date\" href=\"https:\/\/geoface.com\/lt\/2025\/02\/24\/\">\r\n\t2025 24 vasario<\/a>\r\n<div class=\"post-cats\"><a href=\"https:\/\/geoface.com\/lt\/category\/naujienos\/\" rel=\"category tag\">Naujienos<\/a><\/div><h3 class=\"post-title\">\r\n\t<a href=\"https:\/\/geoface.com\/lt\/2025\/02\/24\/mokslininkai-istirs-kodel-labunavos-zub-derlius-yra-didesnis-nei-vidutinis\/\">\r\n\t\tMokslininkai i\u0161tirs, kod\u0117l Lab\u016bnavos \u017d\u016aB derlius yra didesnis nei vidutinis\t<\/a>\r\n<\/h3>\r\n<div class=\"post-content\">\r\n\t<p>Kol da\u017enas \u016bkis Lietuvoje siekia kuo didesnio derliaus, vienos produktyviausi\u0173 Lietuvoje K\u0117daini\u0173 rajono Lab\u016bnavos \u017d\u016aB&hellip;<\/p><\/div>\r\n<div class=\"post-meta\">\r\n\t<div class=\"post-author\">\r\n\t\tby <a href=\"https:\/\/geoface.com\/lt\/author\/valdovas\/\" title=\"Autorius: Geoface Komanda\" rel=\"author\">Geoface Komanda<\/a>\t<\/div>\r\n\t<a href=\"#\" class=\"vote-link like\" data-count=\"63\" data-id=\"14439\">63<\/a>\r\n\t<\/div>\r\n<\/div>\r\n\t<\/article>\r\n\r\n\t\r\n<\/div>\r\n\r\n\r\n<div class=\"post-wrap \" data-post-image=\"alpha-post-small\">\r\n\r\n\t\r\n\t<article class=\"post-14442 post type-post status-publish format-standard has-post-thumbnail hentry category-naujienos post overlay-zoom  post-default\">\r\n\t\t\t\t\t<figure class=\"post-media\">\r\n\t\t\t\t<a href=\"https:\/\/geoface.com\/lt\/2025\/02\/24\/ismaniojo-ukininkavimo-sistemos-ukiuose-neisvengiamos\/\">\r\n\t\t\t\t\t<img fetchpriority=\"high\" decoding=\"async\" width=\"400\" height=\"280\" src=\"https:\/\/geoface.com\/wp-content\/uploads\/2025\/02\/21203-400x280.jpg\" class=\"attachment-alpha-post-small size-alpha-post-small wp-post-image\" alt=\"\" \/>\t\t\t\t<\/a>\r\n\t\t\t<\/figure>\r\n\t\t\t<div class=\"post-details\">\r\n\t<a class=\"post-date\" href=\"https:\/\/geoface.com\/lt\/2025\/02\/24\/\">\r\n\t2025 24 vasario<\/a>\r\n<div class=\"post-cats\"><a href=\"https:\/\/geoface.com\/lt\/category\/naujienos\/\" rel=\"category tag\">Naujienos<\/a><\/div><h3 class=\"post-title\">\r\n\t<a href=\"https:\/\/geoface.com\/lt\/2025\/02\/24\/ismaniojo-ukininkavimo-sistemos-ukiuose-neisvengiamos\/\">\r\n\t\tI\u0161maniojo \u016bkininkavimo sistemos \u016bkiuose \u2013 nei\u0161vengiamos\t<\/a>\r\n<\/h3>\r\n<div class=\"post-content\">\r\n\t<p>&nbsp; \u016akio valdymo program\u0173 rinka pasaulyje iki 2026 met\u0173 tur\u0117t\u0173 i\u0161augti dvigubai, o tuo tarpu&hellip;<\/p><\/div>\r\n<div class=\"post-meta\">\r\n\t<div class=\"post-author\">\r\n\t\tby <a href=\"https:\/\/geoface.com\/lt\/author\/valdovas\/\" title=\"Autorius: Geoface Komanda\" rel=\"author\">Geoface Komanda<\/a>\t<\/div>\r\n\t<a href=\"#\" class=\"vote-link like\" data-count=\"0\" data-id=\"14442\">0<\/a>\r\n\t<\/div>\r\n<\/div>\r\n\t<\/article>\r\n\r\n\t\r\n<\/div>\r\n\r\n\r\n<div class=\"post-wrap \" data-post-image=\"alpha-post-small\">\r\n\r\n\t\r\n\t<article class=\"post-14445 post type-post status-publish format-standard hentry category-naujienos post overlay-zoom  post-default\">\r\n\t\t\t\t<figure class=\"post-media\">\r\n\t\t\t<a href=\"https:\/\/geoface.com\/lt\/2025\/02\/24\/kodel-jau-si-pavasari-verta-naudoti-ismaniaja-ukininkavimo-sistema-geoface\/\">\r\n\t\t\t\t<img decoding=\"async\" src=\"https:\/\/geoface.com\/wp-content\/themes\/u-design\/assets\/images\/placeholders\/post-placeholder.jpg\" alt=\"Post placeholder image\">\r\n\t\t\t<\/a>\r\n\t\t<\/figure>\r\n\t\t<div class=\"post-details\">\r\n\t<a class=\"post-date\" href=\"https:\/\/geoface.com\/lt\/2025\/02\/24\/\">\r\n\t2025 24 vasario<\/a>\r\n<div class=\"post-cats\"><a href=\"https:\/\/geoface.com\/lt\/category\/naujienos\/\" rel=\"category tag\">Naujienos<\/a><\/div><h3 class=\"post-title\">\r\n\t<a href=\"https:\/\/geoface.com\/lt\/2025\/02\/24\/kodel-jau-si-pavasari-verta-naudoti-ismaniaja-ukininkavimo-sistema-geoface\/\">\r\n\t\tKod\u0117l jau \u0161\u012f pavasar\u012f verta naudoti i\u0161mani\u0105j\u0105 \u016bkininkavimo sistem\u0105 GEOFACE?\t<\/a>\r\n<\/h3>\r\n<div class=\"post-content\">\r\n\t<p>Lietuvoje populiar\u0117ja lietuvi\u0161ka i\u0161maniojo \u016bkininkavimo sistema GEOFACE, skirta augalininkyst\u0117s \u016bki\u0173 valdymui. 2019 metais prad\u0117ta diegti&hellip;<\/p><\/div>\r\n<div class=\"post-meta\">\r\n\t<div class=\"post-author\">\r\n\t\tby <a href=\"https:\/\/geoface.com\/lt\/author\/valdovas\/\" title=\"Autorius: Geoface Komanda\" rel=\"author\">Geoface Komanda<\/a>\t<\/div>\r\n\t<a href=\"#\" class=\"vote-link like\" data-count=\"0\" data-id=\"14445\">0<\/a>\r\n\t<\/div>\r\n<\/div>\r\n\t<\/article>\r\n\r\n\t\r\n<\/div>\r\n\r\n\r\n<div class=\"post-wrap \" data-post-image=\"alpha-post-small\">\r\n\r\n\t\r\n\t<article class=\"post-14449 post type-post status-publish format-standard hentry category-naujienos post overlay-zoom  post-default\">\r\n\t\t\t\t<figure class=\"post-media\">\r\n\t\t\t<a href=\"https:\/\/geoface.com\/lt\/2025\/02\/24\/pradeti-bijo-bet-paskui-nebepaleidzia-is-ranku-skaiciuoja-o-tada-purskia-ir-beria-trasas\/\">\r\n\t\t\t\t<img decoding=\"async\" src=\"https:\/\/geoface.com\/wp-content\/themes\/u-design\/assets\/images\/placeholders\/post-placeholder.jpg\" alt=\"Post placeholder image\">\r\n\t\t\t<\/a>\r\n\t\t<\/figure>\r\n\t\t<div class=\"post-details\">\r\n\t<a class=\"post-date\" href=\"https:\/\/geoface.com\/lt\/2025\/02\/24\/\">\r\n\t2025 24 vasario<\/a>\r\n<div class=\"post-cats\"><a href=\"https:\/\/geoface.com\/lt\/category\/naujienos\/\" rel=\"category tag\">Naujienos<\/a><\/div><h3 class=\"post-title\">\r\n\t<a href=\"https:\/\/geoface.com\/lt\/2025\/02\/24\/pradeti-bijo-bet-paskui-nebepaleidzia-is-ranku-skaiciuoja-o-tada-purskia-ir-beria-trasas\/\">\r\n\t\tPrad\u0117ti bijo, bet paskui nebepaleid\u017eia i\u0161 rank\u0173 \u2013 skai\u010diuoja, o tada pur\u0161kia ir beria tr\u0105\u0161as\t<\/a>\r\n<\/h3>\r\n<div class=\"post-content\">\r\n\t<p>\u016akininkams atrodo, kad skaitmeninimas \u2013 tai sud\u0117tingas link tvaraus \u016bkio vedantis procesas. Ir net nepaband\u0119&hellip;<\/p><\/div>\r\n<div class=\"post-meta\">\r\n\t<div class=\"post-author\">\r\n\t\tby <a href=\"https:\/\/geoface.com\/lt\/author\/valdovas\/\" title=\"Autorius: Geoface Komanda\" rel=\"author\">Geoface Komanda<\/a>\t<\/div>\r\n\t<a href=\"#\" class=\"vote-link like\" data-count=\"0\" data-id=\"14449\">0<\/a>\r\n\t<\/div>\r\n<\/div>\r\n\t<\/article>\r\n\r\n\t\r\n<\/div>\r\n\r\n\r\n<div class=\"post-wrap \" data-post-image=\"alpha-post-small\">\r\n\r\n\t\r\n\t<article class=\"post-14454 post type-post status-publish format-standard hentry category-naujienos post overlay-zoom  post-default\">\r\n\t\t\t\t<figure class=\"post-media\">\r\n\t\t\t<a href=\"https:\/\/geoface.com\/lt\/2025\/02\/24\/geoface-dalyvavo-global-agri-tech-food-konferencijoje\/\">\r\n\t\t\t\t<img decoding=\"async\" src=\"https:\/\/geoface.com\/wp-content\/themes\/u-design\/assets\/images\/placeholders\/post-placeholder.jpg\" alt=\"Post placeholder image\">\r\n\t\t\t<\/a>\r\n\t\t<\/figure>\r\n\t\t<div class=\"post-details\">\r\n\t<a class=\"post-date\" href=\"https:\/\/geoface.com\/lt\/2025\/02\/24\/\">\r\n\t2025 24 vasario<\/a>\r\n<div class=\"post-cats\"><a href=\"https:\/\/geoface.com\/lt\/category\/naujienos\/\" rel=\"category tag\">Naujienos<\/a><\/div><h3 class=\"post-title\">\r\n\t<a href=\"https:\/\/geoface.com\/lt\/2025\/02\/24\/geoface-dalyvavo-global-agri-tech-food-konferencijoje\/\">\r\n\t\tGeoface dalyvavo \u201cGlobal Agri Tech &#038; Food\u201d konferencijoje\t<\/a>\r\n<\/h3>\r\n<div class=\"post-content\">\r\n\t<p>Gruod\u017eio 7\u20138 dienomis Berlyne vyko Pasaulin\u0117 \u017eem\u0117s \u016bkio technologij\u0173 ir maisto vir\u0161\u016bni\u0173 konferencija \u201eGlobal AgriTech&hellip;<\/p><\/div>\r\n<div class=\"post-meta\">\r\n\t<div class=\"post-author\">\r\n\t\tby <a href=\"https:\/\/geoface.com\/lt\/author\/valdovas\/\" title=\"Autorius: Geoface Komanda\" rel=\"author\">Geoface Komanda<\/a>\t<\/div>\r\n\t<a href=\"#\" class=\"vote-link like\" data-count=\"0\" data-id=\"14454\">0<\/a>\r\n\t<\/div>\r\n<\/div>\r\n\t<\/article>\r\n\r\n\t\r\n<\/div>\r\n\r\n<\/div>\t\t\t\t<\/div>\n\t\t\t\t<\/div>\n\t\t\t\t\t\t<\/div>\r\n\t\t\t\t<\/div>\r\n\t\t\t\t\t\t\t\t<\/div>\r\n\t\t\t<\/section>\r\n\t\t\t\t\t<\/div>\n\t\t","protected":false},"excerpt":{"rendered":"<p>Geoface Naujienos February 24, 2025 Naujienos Kuo GeoFace i\u0161maniosios technologijos gali pasitarnauti \u0161alies \u016bkininkams Nauj\u0173 partnerys\u010di\u0173 ir moderni\u0173 technologini\u0173 sprendim\u0173 poreik\u012f \u017eem\u0117s \u016bkio sektoriuje vis labiau diktuoja auk\u0161ti aplinkosaugos&hellip; by valdovas 0 0 February 24, 2025 Naujienos Kosmin\u0117s technologijos \u017eemdirbi\u0173 laukuose Nors dar tur\u0117s praeiti laiko, kol i\u0161maniosios technologijos \u012fsitvirtins \u016bkinink\u0173 ir \u017eem\u0117s \u016bkio bendrovi\u0173 [&hellip;]<\/p>\n","protected":false},"author":1,"featured_media":0,"parent":0,"menu_order":0,"comment_status":"closed","ping_status":"closed","template":"","meta":{"om_disable_all_campaigns":false,"footnotes":""},"class_list":["post-14675","page","type-page","status-publish","hentry"],"_links":{"self":[{"href":"https:\/\/geoface.com\/lt\/wp-json\/wp\/v2\/pages\/14675","targetHints":{"allow":["GET"]}}],"collection":[{"href":"https:\/\/geoface.com\/lt\/wp-json\/wp\/v2\/pages"}],"about":[{"href":"https:\/\/geoface.com\/lt\/wp-json\/wp\/v2\/types\/page"}],"author":[{"embeddable":true,"href":"https:\/\/geoface.com\/lt\/wp-json\/wp\/v2\/users\/1"}],"replies":[{"embeddable":true,"href":"https:\/\/geoface.com\/lt\/wp-json\/wp\/v2\/comments?post=14675"}],"version-history":[{"count":5,"href":"https:\/\/geoface.com\/lt\/wp-json\/wp\/v2\/pages\/14675\/revisions"}],"predecessor-version":[{"id":14790,"href":"https:\/\/geoface.com\/lt\/wp-json\/wp\/v2\/pages\/14675\/revisions\/14790"}],"wp:attachment":[{"href":"https:\/\/geoface.com\/lt\/wp-json\/wp\/v2\/media?parent=14675"}],"curies":[{"name":"wp","href":"https:\/\/api.w.org\/{rel}","templated":true}]}}